{"id":105,"date":"2012-02-03T22:41:09","date_gmt":"2012-02-03T22:41:09","guid":{"rendered":"http:\/\/www.aepeb.be\/aepeb\/?page_id=105"},"modified":"2026-02-26T18:34:02","modified_gmt":"2026-02-26T18:34:02","slug":"ce-que-nous-croyons","status":"publish","type":"page","link":"https:\/\/www.aepeb.be\/aepeb\/ce-que-nous-croyons\/","title":{"rendered":"Notre profession de foi"},"content":{"rendered":"<div id=\"pl-105\"  class=\"panel-layout\" ><div id=\"pg-105-0\"  class=\"panel-grid panel-no-style\" ><div id=\"pgc-105-0-0\"  class=\"panel-grid-cell\" ><div id=\"panel-105-0-0-0\" class=\"so-panel widget widget_sow-editor panel-first-child panel-last-child\" data-index=\"0\" ><div\n\t\t\t\n\t\t\tclass=\"so-widget-sow-editor so-widget-sow-editor-base\"\n\t\t\t\n\t\t>\n<div class=\"siteorigin-widget-tinymce textwidget\">\n\t<h1><strong>Dieu<\/strong><\/h1>\n<div align=\"justify\">\n<ul>\n<li>Je crois en un seul Dieu personnel, Cr\u00e9ateur des cieux et de la terre, Esprit, Lumi\u00e8re, Amour, V\u00e9rit\u00e9, Eternel, Tout-Puissant, Infaillible, Immuable, Infiniment Sage, Juste et Saint. Ce Dieu unique, existant \u00e9ternellement en trois Personnes de m\u00eame nature se r\u00e9v\u00e8le dans la Bible comme P\u00e8re, Fils et Saint-Esprit.<br \/>\n<em><span style=\"font-size: 14px;\">(Esa\u00efe\u00a045.5\u00a0; Gen\u00e8se\u00a01.1\u00a0; Jean\u00a04.24\u00a0; 1\u00a0Jean\u00a04.8\u00a0; J\u00e9r\u00e9mie\u00a0 10.10\u00a0; Psaume\u00a090.2\u00a0; Romains\u00a011.33\u00a0; Jacques\u00a01.17\u00a0; Deut\u00e9ronome\u00a032.4\u00a0; Matthieu\u00a028.19\u00a0; Gen\u00e8se\u00a017.1\u00a0; Psaume\u00a0147.5).<\/span><\/em><\/li>\n<\/ul>\n<\/div>\n<\/div>\n<\/div><\/div><\/div><div id=\"pgc-105-0-1\"  class=\"panel-grid-cell\" ><div id=\"panel-105-0-1-0\" class=\"so-panel widget widget_sow-editor panel-first-child panel-last-child\" data-index=\"1\" ><div\n\t\t\t\n\t\t\tclass=\"so-widget-sow-editor so-widget-sow-editor-base\"\n\t\t\t\n\t\t>\n<div class=\"siteorigin-widget-tinymce textwidget\">\n\t<h1><strong>J\u00e9sus-Christ<\/strong><\/h1>\n<div align=\"justify\">\n<ul>\n<li>Je crois en J\u00e9sus-Christ, Fils unique de Dieu, la Parole \u00e9ternelle manifest\u00e9e en chair. Je crois qu'Il a \u00e9t\u00e9 con\u00e7u du Saint-Esprit et qu'Il est n\u00e9 de la vierge Marie. Je crois \u00e0 sa mort expiatoire, substitutive et r\u00e9demptrice, \u00e0 sa r\u00e9surrection corporelle, \u00e0 son ascension, \u00e0 son retour en personne pour les siens et \u00e0 sa venue en gloire pour \u00e9tablir son r\u00e8gne et juger les rebelles.<br \/>\n<span style=\"font-size: 14px;\"><em>(Jean 3.16 ; Jean 1.1-5 ; Luc 1.26-38 ; Matthieu 1.18-25 ; H\u00e9breux 9.28 ; Romains 5.6 -10 ; Luc 24.39 ; Actes 1.9-11).<\/em><\/span><\/li>\n<\/ul>\n<\/div>\n<div align=\"left\"><\/div>\n<\/div>\n<\/div><\/div><\/div><div id=\"pgc-105-0-2\"  class=\"panel-grid-cell\" ><div id=\"panel-105-0-2-0\" class=\"so-panel widget widget_sow-editor panel-first-child panel-last-child\" data-index=\"2\" ><div\n\t\t\t\n\t\t\tclass=\"so-widget-sow-editor so-widget-sow-editor-base\"\n\t\t\t\n\t\t>\n<div class=\"siteorigin-widget-tinymce textwidget\">\n\t<h1 align=\"justify\"><strong>L'Esprit Saint<\/strong><\/h1>\n<ul>\n<li>Je crois en l'Esprit Saint, \u00e0 sa personnalit\u00e9 et \u00e0 son \u0153uvre de r\u00e9g\u00e9n\u00e9ration et de sanctification.<br \/>\n<em><span style=\"font-size: 14px;\">(Actes 13.2 -4 ; Jean 3.5-8 ; 1 Corinthiens 6.11 ; Romains 8.2).<\/span><\/em><\/li>\n<\/ul>\n<div align=\"left\"><\/div>\n<\/div>\n<\/div><\/div><\/div><\/div><div id=\"pg-105-1\"  class=\"panel-grid panel-no-style\" ><div id=\"pgc-105-1-0\"  class=\"panel-grid-cell\" ><div id=\"panel-105-1-0-0\" class=\"so-panel widget widget_sow-editor panel-first-child panel-last-child\" data-index=\"3\" ><div\n\t\t\t\n\t\t\tclass=\"so-widget-sow-editor so-widget-sow-editor-base\"\n\t\t\t\n\t\t>\n<div class=\"siteorigin-widget-tinymce textwidget\">\n\t<h1 align=\"justify\"><strong>La Bible<\/strong><\/h1>\n<ul>\n<li>Je crois que toute la Bible (les 66 livres de l'Ancien et du Nouveau Testament) a \u00e9t\u00e9 donn\u00e9e et inspir\u00e9e par Dieu et qu'elle constitue ainsi la seule r\u00e9v\u00e9lation infaillible et l'autorit\u00e9 supr\u00eame en mati\u00e8re de foi et de vie.<br \/>\n<span style=\"font-size: 14px;\"><em>(2 Timoth\u00e9e 3.16 ; 2 Pierre 1.20 +21 ; Luc 24.44 ; 1 Thessaloniciens 2.13).<\/em><\/span><\/li>\n<\/ul>\n<div align=\"left\"><\/div>\n<\/div>\n<\/div><\/div><\/div><div id=\"pgc-105-1-1\"  class=\"panel-grid-cell\" ><div id=\"panel-105-1-1-0\" class=\"so-panel widget widget_sow-editor panel-first-child panel-last-child\" data-index=\"4\" ><div\n\t\t\t\n\t\t\tclass=\"so-widget-sow-editor so-widget-sow-editor-base\"\n\t\t\t\n\t\t>\n<div class=\"siteorigin-widget-tinymce textwidget\">\n\t<h1><strong>L'homme\u00a0<\/strong><\/h1>\n<ul>\n<li>Je crois que le premier homme, cr\u00e9\u00e9 pur et conforme \u00e0 l'image de Dieu, a perdu, par sa propre faute, son \u00e9tat immacul\u00e9. Je crois qu'en cons\u00e9quence tous ont p\u00e9ch\u00e9, sont coupables et perdus, absolument incapables de se sauver eux-m\u00eames par leurs \u0153uvres, \u00e9tant morts dans leurs fautes et leurs p\u00e9ch\u00e9s. Je crois que le p\u00e9ch\u00e9 entra\u00eene pour celui qui, de son vivant, ne se repent pas, un ch\u00e2timent \u00e9ternel dont il aura pleinement conscience.<br \/>\n<em><span style=\"font-size: 14px;\">(Gen\u00e8se 1.26 -27 ; Gen\u00e8se 3 ; Romains 5.12, 3.10-12 ; \u00c9ph\u00e9siens 2.1, 20 ; Matthieu 25.46 ; Apocalypse 21.8 ; Luc 16.23 -26).<\/span><\/em><\/li>\n<\/ul>\n<div align=\"left\"><\/div>\n<\/div>\n<\/div><\/div><\/div><div id=\"pgc-105-1-2\"  class=\"panel-grid-cell\" ><div id=\"panel-105-1-2-0\" class=\"so-panel widget widget_sow-editor panel-first-child panel-last-child\" data-index=\"5\" ><div\n\t\t\t\n\t\t\tclass=\"so-widget-sow-editor so-widget-sow-editor-base\"\n\t\t\t\n\t\t>\n<div class=\"siteorigin-widget-tinymce textwidget\">\n\t<div align=\"justify\">\n<h1><strong>Le salut<\/strong><\/h1>\n<ul>\n<li>Je crois que nous sommes sauv\u00e9s uniquement par gr\u00e2ce, au moyen de la foi au sacrifice sanglant du Fils de Dieu. Je crois que tout chr\u00e9tien n\u00e9 de nouveau est baptis\u00e9 dans le Saint-Esprit.<br \/>\n<span style=\"font-size: 14px;\"><em>(\u00c9ph\u00e9siens 2.8-9 ; Romains 3.23-26).<\/em><\/span><\/li>\n<\/ul>\n<\/div>\n<p>&nbsp;<\/p>\n<\/div>\n<\/div><\/div><\/div><\/div><div id=\"pg-105-2\"  class=\"panel-grid panel-no-style\" ><div id=\"pgc-105-2-0\"  class=\"panel-grid-cell\" ><div id=\"panel-105-2-0-0\" class=\"so-panel widget widget_sow-editor panel-first-child panel-last-child\" data-index=\"6\" ><div\n\t\t\t\n\t\t\tclass=\"so-widget-sow-editor so-widget-sow-editor-base\"\n\t\t\t\n\t\t>\n<div class=\"siteorigin-widget-tinymce textwidget\">\n\t<div align=\"justify\">\n<h1><strong>Satan<\/strong><\/h1>\n<ul>\n<li>Je crois que Satan a une personnalit\u00e9. Il est un ange d\u00e9chu et l'instigateur de la chute. Je crois \u00e0 son jugement et \u00e0 son ch\u00e2timent \u00e9ternel.<em><br \/>\n<span style=\"font-size: 14px;\">(Gen\u00e8se 3.1-15 ; Job 1.6-7 ; Apocalypse 20.7-10).<\/span><\/em><\/li>\n<\/ul>\n<p>&nbsp;<\/p>\n<\/div>\n<\/div>\n<\/div><\/div><\/div><div id=\"pgc-105-2-1\"  class=\"panel-grid-cell\" ><div id=\"panel-105-2-1-0\" class=\"so-panel widget widget_sow-editor panel-first-child panel-last-child\" data-index=\"7\" ><div\n\t\t\t\n\t\t\tclass=\"so-widget-sow-editor so-widget-sow-editor-base\"\n\t\t\t\n\t\t>\n<div class=\"siteorigin-widget-tinymce textwidget\">\n\t<div align=\"justify\">\n<h1><strong>La r\u00e9surrection<\/strong><\/h1>\n<ul>\n<li>Je crois que les hommes ressusciteront corporellement, les uns pour la vie et les autres pour le jugement.<em><br \/>\n<span style=\"font-size: 14px;\">(1 Corinthiens 15 ; Jean 5.28-29 ; Apocalypse 20.11-15).<\/span><\/em><\/li>\n<\/ul>\n<p>&nbsp;<\/p>\n<\/div>\n<\/div>\n<\/div><\/div><\/div><div id=\"pgc-105-2-2\"  class=\"panel-grid-cell\" ><div id=\"panel-105-2-2-0\" class=\"so-panel widget widget_sow-editor panel-first-child panel-last-child\" data-index=\"8\" ><div\n\t\t\t\n\t\t\tclass=\"so-widget-sow-editor so-widget-sow-editor-base\"\n\t\t\t\n\t\t>\n<div class=\"siteorigin-widget-tinymce textwidget\">\n\t<h1><strong>La C\u00e8ne et le Bapt\u00eame<\/strong><\/h1>\n<ul>\n<li>Je crois que J\u00e9sus-Christ a institu\u00e9 la C\u00e8ne pour comm\u00e9morer sa mort jusqu'\u00e0 ce qu'Il vienne et le Bapt\u00eame d'eau, symbole de l'union du croyant avec Christ dans sa mort et sa r\u00e9surrection.<br \/>\n<span style=\"font-size: 14px;\"><em>(1 Corinthiens 11:23 -26 ; Matthieu 28.19 ; Romains 6.3 -4).<\/em><\/span><\/li>\n<\/ul>\n<\/div>\n<\/div><\/div><\/div><\/div><div id=\"pg-105-3\"  class=\"panel-grid panel-no-style\" ><div id=\"pgc-105-3-0\"  class=\"panel-grid-cell\" ><div id=\"panel-105-3-0-0\" class=\"so-panel widget widget_sow-editor panel-first-child panel-last-child\" data-index=\"9\" ><div\n\t\t\t\n\t\t\tclass=\"so-widget-sow-editor so-widget-sow-editor-base\"\n\t\t\t\n\t\t>\n<div class=\"siteorigin-widget-tinymce textwidget\">\n\t<div align=\"justify\">\n<h1><strong>L'Eglise<\/strong><\/h1>\n<ul>\n<li>Je crois que l'\u00c9glise de J\u00e9sus-Christ est uniquement compos\u00e9e de ceux qui ont \u00e9t\u00e9 lav\u00e9s par son sang, r\u00e9g\u00e9n\u00e9r\u00e9s et scell\u00e9s par le Saint-Esprit. Je crois que, sauv\u00e9s pour servir, ils doivent veiller \u00e0 \u00eatre remplis du Saint-Esprit, rechercher une vie sainte et s'\u00e9loigner de tout ce qui pourrait d\u00e9shonorer Dieu, jeter du discr\u00e9dit sur sa cause ou simplement affaiblir leur t\u00e9moignage.<br \/>\n<span style=\"font-size: 14px;\"><em>(Actes 2.37 ; 1 Corinthiens 12.13, 27 ; \u00c9ph\u00e9siens 1.3-14 ; 2 Corinthiens 6.18 ; 7.1 ; 1 Pierre 1.14-16).<\/em><\/span><\/li>\n<\/ul>\n<\/div>\n<div align=\"left\"><\/div>\n<\/div>\n<\/div><\/div><\/div><div id=\"pgc-105-3-1\"  class=\"panel-grid-cell\" ><div class=\"so-rounded panel-cell-style panel-cell-style-for-105-3-1\" ><div id=\"panel-105-3-1-0\" class=\"so-panel widget widget_sow-editor panel-first-child panel-last-child\" data-index=\"10\" ><div\n\t\t\t\n\t\t\tclass=\"so-widget-sow-editor so-widget-sow-editor-base\"\n\t\t\t\n\t\t>\n<div class=\"siteorigin-widget-tinymce textwidget\">\n\t<div align=\"justify\">\n<h1 style=\"text-align: center;\"><strong>En r\u00e9sum\u00e9<\/strong><\/h1>\n<p style=\"text-align: center;\"><span style=\"font-size: 20px;\">En r\u00e9sum\u00e9, je crois \u00e0 tout ce que la Bible enseigne.<\/span><br \/>\n<span style=\"font-size: 16px;\"><em>(Jean 17.17 ; Deut\u00e9ronome 12.32 ; Apocalypse 22.18 -19).<\/em><\/span><\/p>\n<\/div>\n<\/div>\n<\/div><\/div><\/div><\/div><div id=\"pgc-105-3-2\"  class=\"panel-grid-cell\" ><div class=\"panel-cell-style panel-cell-style-for-105-3-2\" ><div id=\"panel-105-3-2-0\" class=\"so-panel widget widget_sow-editor panel-first-child panel-last-child\" data-index=\"11\" ><div\n\t\t\t\n\t\t\tclass=\"so-widget-sow-editor so-widget-sow-editor-base\"\n\t\t\t\n\t\t>\n<div class=\"siteorigin-widget-tinymce textwidget\">\n\t<div align=\"justify\"><\/div>\n<p style=\"text-align: center;\"><span style=\"font-size: 20px;\"><em>Au P\u00e8re qui nous a aim\u00e9s,<br \/>\n<\/em><em>Au Fils qui nous a rachet\u00e9s,<br \/>\n<\/em><em>Au Saint-Esprit qui nous a r\u00e9g\u00e9n\u00e9r\u00e9s,<br \/>\n<\/em><em>Soient l'honneur, la louange et la gloire,<br \/>\n<\/em><em>Aux si\u00e8cles des si\u00e8cles.<br \/>\n<\/em><em>Amen.<\/em><\/span><\/p>\n<\/div>\n<\/div><\/div><\/div><\/div><\/div><\/div>","protected":false},"excerpt":{"rendered":"<p>Dieu Je crois en un seul Dieu personnel, Cr\u00e9ateur des cieux et de la terre, Esprit, Lumi\u00e8re, Amour, V\u00e9rit\u00e9, Eternel, Tout-Puissant, Infaillible, Immuable, Infiniment Sage, Juste et Saint. Ce Dieu unique, existant \u00e9ternellement en trois Personnes de m\u00eame nature se r\u00e9v\u00e8le dans la Bible comme P\u00e8re, Fils et Saint-Esprit. (Esa\u00efe\u00a045.5\u00a0; Gen\u00e8se\u00a01.1\u00a0; Jean\u00a04.24\u00a0; 1\u00a0Jean\u00a04.8\u00a0; J\u00e9r\u00e9mie\u00a0 10.10\u00a0; [&hellip;]<\/p>\n","protected":false},"author":1,"featured_media":0,"parent":0,"menu_order":1,"comment_status":"closed","ping_status":"closed","template":"","meta":{"ocean_post_layout":"","ocean_both_sidebars_style":"","ocean_both_sidebars_content_width":0,"ocean_both_sidebars_sidebars_width":0,"ocean_sidebar":"0","ocean_second_sidebar":"0","ocean_disable_margins":"enable","ocean_add_body_class":"","ocean_shortcode_before_top_bar":"","ocean_shortcode_after_top_bar":"","ocean_shortcode_before_header":"","ocean_shortcode_after_header":"","ocean_has_shortcode":"","ocean_shortcode_after_title":"","ocean_shortcode_before_footer_widgets":"","ocean_shortcode_after_footer_widgets":"","ocean_shortcode_before_footer_bottom":"","ocean_shortcode_after_footer_bottom":"","ocean_display_top_bar":"default","ocean_display_header":"default","ocean_header_style":"","ocean_center_header_left_menu":"0","ocean_custom_header_template":"0","ocean_custom_logo":0,"ocean_custom_retina_logo":0,"ocean_custom_logo_max_width":0,"ocean_custom_logo_tablet_max_width":0,"ocean_custom_logo_mobile_max_width":0,"ocean_custom_logo_max_height":0,"ocean_custom_logo_tablet_max_height":0,"ocean_custom_logo_mobile_max_height":0,"ocean_header_custom_menu":"0","ocean_menu_typo_font_family":"0","ocean_menu_typo_font_subset":"","ocean_menu_typo_font_size":0,"ocean_menu_typo_font_size_tablet":0,"ocean_menu_typo_font_size_mobile":0,"ocean_menu_typo_font_size_unit":"px","ocean_menu_typo_font_weight":"","ocean_menu_typo_font_weight_tablet":"","ocean_menu_typo_font_weight_mobile":"","ocean_menu_typo_transform":"","ocean_menu_typo_transform_tablet":"","ocean_menu_typo_transform_mobile":"","ocean_menu_typo_line_height":0,"ocean_menu_typo_line_height_tablet":0,"ocean_menu_typo_line_height_mobile":0,"ocean_menu_typo_line_height_unit":"","ocean_menu_typo_spacing":0,"ocean_menu_typo_spacing_tablet":0,"ocean_menu_typo_spacing_mobile":0,"ocean_menu_typo_spacing_unit":"","ocean_menu_link_color":"","ocean_menu_link_color_hover":"","ocean_menu_link_color_active":"","ocean_menu_link_background":"","ocean_menu_link_hover_background":"","ocean_menu_link_active_background":"","ocean_menu_social_links_bg":"","ocean_menu_social_hover_links_bg":"","ocean_menu_social_links_color":"","ocean_menu_social_hover_links_color":"","ocean_disable_title":"default","ocean_disable_heading":"default","ocean_post_title":"","ocean_post_subheading":"","ocean_post_title_style":"","ocean_post_title_background_color":"","ocean_post_title_background":0,"ocean_post_title_bg_image_position":"","ocean_post_title_bg_image_attachment":"","ocean_post_title_bg_image_repeat":"","ocean_post_title_bg_image_size":"","ocean_post_title_height":0,"ocean_post_title_bg_overlay":0.5,"ocean_post_title_bg_overlay_color":"","ocean_disable_breadcrumbs":"default","ocean_breadcrumbs_color":"","ocean_breadcrumbs_separator_color":"","ocean_breadcrumbs_links_color":"","ocean_breadcrumbs_links_hover_color":"","ocean_display_footer_widgets":"default","ocean_display_footer_bottom":"default","ocean_custom_footer_template":"0","osh_disable_topbar_sticky":"default","osh_disable_header_sticky":"default","osh_sticky_header_style":"default","osh_sticky_header_effect":"","osh_custom_sticky_logo":0,"osh_custom_retina_sticky_logo":0,"osh_custom_sticky_logo_height":0,"osh_background_color":"","osh_links_color":"","osh_links_hover_color":"","osh_links_active_color":"","osh_links_bg_color":"","osh_links_hover_bg_color":"","osh_links_active_bg_color":"","osh_menu_social_links_color":"","osh_menu_social_hover_links_color":"","footnotes":""},"class_list":["post-105","page","type-page","status-publish","hentry","entry"],"_links":{"self":[{"href":"https:\/\/www.aepeb.be\/aepeb\/wp-json\/wp\/v2\/pages\/105","targetHints":{"allow":["GET"]}}],"collection":[{"href":"https:\/\/www.aepeb.be\/aepeb\/wp-json\/wp\/v2\/pages"}],"about":[{"href":"https:\/\/www.aepeb.be\/aepeb\/wp-json\/wp\/v2\/types\/page"}],"author":[{"embeddable":true,"href":"https:\/\/www.aepeb.be\/aepeb\/wp-json\/wp\/v2\/users\/1"}],"replies":[{"embeddable":true,"href":"https:\/\/www.aepeb.be\/aepeb\/wp-json\/wp\/v2\/comments?post=105"}],"version-history":[{"count":27,"href":"https:\/\/www.aepeb.be\/aepeb\/wp-json\/wp\/v2\/pages\/105\/revisions"}],"predecessor-version":[{"id":2805,"href":"https:\/\/www.aepeb.be\/aepeb\/wp-json\/wp\/v2\/pages\/105\/revisions\/2805"}],"wp:attachment":[{"href":"https:\/\/www.aepeb.be\/aepeb\/wp-json\/wp\/v2\/media?parent=105"}],"curies":[{"name":"wp","href":"https:\/\/api.w.org\/{rel}","templated":true}]}}