{"id":198,"date":"2012-02-05T19:58:53","date_gmt":"2012-02-05T19:58:53","guid":{"rendered":"http:\/\/www.aepeb.be\/aepeb\/?page_id=198"},"modified":"2022-10-16T13:39:36","modified_gmt":"2022-10-16T13:39:36","slug":"bruxelles","status":"publish","type":"page","link":"https:\/\/www.aepeb.be\/aepeb\/bruxelles\/","title":{"rendered":"Bruxelles Moniteur"},"content":{"rendered":"<p style=\"text-align: center;\">\u00a0L'\u00e9glise est situ\u00e9e :<\/p>\n<p style=\"text-align: center;\"><a href=\"http:\/\/www.aepeb.be\/aepeb\/wp-content\/uploads\/2012\/02\/Batiment_Bruxelles_02.jpg\" target=\"_blank\" rel=\"noopener\"><img loading=\"lazy\" decoding=\"async\" class=\"size-large wp-image-919 aligncenter\" title=\"le Temple de la rue du Moniteur\" src=\"http:\/\/www.aepeb.be\/aepeb\/wp-content\/uploads\/2012\/02\/Batiment_Bruxelles_02-1024x768.jpg\" alt=\"le Temple de la rue du Moniteur\" width=\"565\" height=\"423\" srcset=\"https:\/\/www.aepeb.be\/aepeb\/wp-content\/uploads\/2012\/02\/Batiment_Bruxelles_02-1024x768.jpg 1024w, https:\/\/www.aepeb.be\/aepeb\/wp-content\/uploads\/2012\/02\/Batiment_Bruxelles_02-300x225.jpg 300w\" sizes=\"auto, (max-width: 565px) 100vw, 565px\" \/><\/a><\/p>\n<p style=\"text-align: center;\"><span style=\"color: #800000;\"><strong>Rue du Moniteur, 7 - 1000 Bruxelles<\/strong><\/span><\/p>\n<p style=\"text-align: center;\">Le culte est c\u00e9l\u00e9br\u00e9 :<\/p>\n<p style=\"text-align: center;\" align=\"center\"><strong><span style=\"color: #800000;\">le dimanche \u00e0 10h15<\/span><\/strong><\/p>\n<p style=\"text-align: center;\">Pour plus d'informations, contacter :<\/p>\n<p style=\"text-align: center;\"><span style=\"color: #800000;\"><strong>M. Paul EVERY<\/strong><\/span><\/p>\n<p><img loading=\"lazy\" decoding=\"async\" class=\"aligncenter size-full wp-image-1904\" src=\"http:\/\/www.aepeb.be\/aepeb\/wp-content\/uploads\/2018\/02\/Paul-Every.jpg\" alt=\"\" width=\"960\" height=\"950\" srcset=\"https:\/\/www.aepeb.be\/aepeb\/wp-content\/uploads\/2018\/02\/Paul-Every.jpg 960w, https:\/\/www.aepeb.be\/aepeb\/wp-content\/uploads\/2018\/02\/Paul-Every-300x297.jpg 300w, https:\/\/www.aepeb.be\/aepeb\/wp-content\/uploads\/2018\/02\/Paul-Every-768x760.jpg 768w, https:\/\/www.aepeb.be\/aepeb\/wp-content\/uploads\/2018\/02\/Paul-Every-144x144.jpg 144w, https:\/\/www.aepeb.be\/aepeb\/wp-content\/uploads\/2018\/02\/Paul-Every-60x60.jpg 60w\" sizes=\"auto, (max-width: 960px) 100vw, 960px\" \/><\/p>\n<p style=\"text-align: center;\">Pour le contacter, veuillez changer \"pr\u00e9nom\" et \"nom\"<br \/>\ndans le mail ci-apr\u00e8s\u00a0par le pr\u00e9nom et le nom indiqu\u00e9 ci-dessus*<\/p>\n<p style=\"text-align: center;\" align=\"center\"><a href=\"mailto:prenom.nom@aepeb.be\" target=\"_blank\" rel=\"noopener\">prenom.nom@aepeb.be<\/a><\/p>\n<p style=\"text-align: center;\"><em>*Ceci pour lutter contre le spamming<\/em><\/p>\n<p style=\"text-align: center;\">Le site internet de l'\u00e9glise :<\/p>\n<p style=\"text-align: center;\"><a href=\"http:\/\/www.epebruxelles.be\/\" target=\"_blank\" rel=\"noopener\">http:\/\/www.epebruxelles.be\/<\/a><\/p>\n<p><iframe loading=\"lazy\" src=\"http:\/\/maps.google.be\/maps?f=q&amp;source=s_q&amp;hl=fr&amp;geocode=&amp;q=Rue+du+Moniteur+7+1000+Bruxelles&amp;aq=0&amp;oq=Rue+du+Moniteur,+7+%E2%80%93+1000+Bruxelles&amp;sll=50.439686,4.630043&amp;sspn=0.010468,0.033023&amp;ie=UTF8&amp;hq=&amp;hnear=Rue+du+Moniteur+7,+1000+Bruxelles&amp;t=m&amp;z=14&amp;iwloc=A&amp;output=embed\" width=\"560\" height=\"450\" frameborder=\"0\" marginwidth=\"0\" marginheight=\"0\" scrolling=\"no\"><\/iframe><br \/>\n<small><a style=\"color: #0000ff; text-align: left;\" href=\"http:\/\/maps.google.be\/maps?f=q&amp;source=embed&amp;hl=fr&amp;geocode=&amp;q=Rue+du+Moniteur+7+1000+Bruxelles&amp;aq=0&amp;oq=Rue+du+Moniteur,+7+%E2%80%93+1000+Bruxelles&amp;sll=50.439686,4.630043&amp;sspn=0.010468,0.033023&amp;ie=UTF8&amp;hq=&amp;hnear=Rue+du+Moniteur+7,+1000+Bruxelles&amp;t=m&amp;z=14&amp;iwloc=A\">Agrandir le plan<\/a><\/small><\/p>\n","protected":false},"excerpt":{"rendered":"<p>\u00a0L&rsquo;\u00e9glise est situ\u00e9e : Rue du Moniteur, 7 &#8211; 1000 Bruxelles Le culte est c\u00e9l\u00e9br\u00e9 : le dimanche \u00e0 10h15 Pour plus d&rsquo;informations, contacter : M. Paul EVERY Pour le contacter, veuillez changer \u00ab\u00a0pr\u00e9nom\u00a0\u00bb et \u00ab\u00a0nom\u00a0\u00bb dans le mail ci-apr\u00e8s\u00a0par le pr\u00e9nom et le nom indiqu\u00e9 ci-dessus* prenom.nom@aepeb.be *Ceci pour lutter contre le spamming Le [&hellip;]<\/p>\n","protected":false},"author":1,"featured_media":0,"parent":0,"menu_order":11,"comment_status":"closed","ping_status":"closed","template":"","meta":{"ocean_post_layout":"","ocean_both_sidebars_style":"","ocean_both_sidebars_content_width":0,"ocean_both_sidebars_sidebars_width":0,"ocean_sidebar":"","ocean_second_sidebar":"","ocean_disable_margins":"enable","ocean_add_body_class":"","ocean_shortcode_before_top_bar":"","ocean_shortcode_after_top_bar":"","ocean_shortcode_before_header":"","ocean_shortcode_after_header":"","ocean_has_shortcode":"","ocean_shortcode_after_title":"","ocean_shortcode_before_footer_widgets":"","ocean_shortcode_after_footer_widgets":"","ocean_shortcode_before_footer_bottom":"","ocean_shortcode_after_footer_bottom":"","ocean_display_top_bar":"default","ocean_display_header":"default","ocean_header_style":"","ocean_center_header_left_menu":"","ocean_custom_header_template":"","ocean_custom_logo":0,"ocean_custom_retina_logo":0,"ocean_custom_logo_max_width":0,"ocean_custom_logo_tablet_max_width":0,"ocean_custom_logo_mobile_max_width":0,"ocean_custom_logo_max_height":0,"ocean_custom_logo_tablet_max_height":0,"ocean_custom_logo_mobile_max_height":0,"ocean_header_custom_menu":"","ocean_menu_typo_font_family":"","ocean_menu_typo_font_subset":"","ocean_menu_typo_font_size":0,"ocean_menu_typo_font_size_tablet":0,"ocean_menu_typo_font_size_mobile":0,"ocean_menu_typo_font_size_unit":"px","ocean_menu_typo_font_weight":"","ocean_menu_typo_font_weight_tablet":"","ocean_menu_typo_font_weight_mobile":"","ocean_menu_typo_transform":"","ocean_menu_typo_transform_tablet":"","ocean_menu_typo_transform_mobile":"","ocean_menu_typo_line_height":0,"ocean_menu_typo_line_height_tablet":0,"ocean_menu_typo_line_height_mobile":0,"ocean_menu_typo_line_height_unit":"","ocean_menu_typo_spacing":0,"ocean_menu_typo_spacing_tablet":0,"ocean_menu_typo_spacing_mobile":0,"ocean_menu_typo_spacing_unit":"","ocean_menu_link_color":"","ocean_menu_link_color_hover":"","ocean_menu_link_color_active":"","ocean_menu_link_background":"","ocean_menu_link_hover_background":"","ocean_menu_link_active_background":"","ocean_menu_social_links_bg":"","ocean_menu_social_hover_links_bg":"","ocean_menu_social_links_color":"","ocean_menu_social_hover_links_color":"","ocean_disable_title":"default","ocean_disable_heading":"default","ocean_post_title":"","ocean_post_subheading":"","ocean_post_title_style":"","ocean_post_title_background_color":"","ocean_post_title_background":0,"ocean_post_title_bg_image_position":"","ocean_post_title_bg_image_attachment":"","ocean_post_title_bg_image_repeat":"","ocean_post_title_bg_image_size":"","ocean_post_title_height":0,"ocean_post_title_bg_overlay":0.5,"ocean_post_title_bg_overlay_color":"","ocean_disable_breadcrumbs":"default","ocean_breadcrumbs_color":"","ocean_breadcrumbs_separator_color":"","ocean_breadcrumbs_links_color":"","ocean_breadcrumbs_links_hover_color":"","ocean_display_footer_widgets":"default","ocean_display_footer_bottom":"default","ocean_custom_footer_template":"","osh_disable_topbar_sticky":"default","osh_disable_header_sticky":"default","osh_sticky_header_style":"default","osh_sticky_header_effect":"","osh_custom_sticky_logo":0,"osh_custom_retina_sticky_logo":0,"osh_custom_sticky_logo_height":0,"osh_background_color":"","osh_links_color":"","osh_links_hover_color":"","osh_links_active_color":"","osh_links_bg_color":"","osh_links_hover_bg_color":"","osh_links_active_bg_color":"","osh_menu_social_links_color":"","osh_menu_social_hover_links_color":"","footnotes":""},"class_list":["post-198","page","type-page","status-publish","hentry","entry"],"_links":{"self":[{"href":"https:\/\/www.aepeb.be\/aepeb\/wp-json\/wp\/v2\/pages\/198","targetHints":{"allow":["GET"]}}],"collection":[{"href":"https:\/\/www.aepeb.be\/aepeb\/wp-json\/wp\/v2\/pages"}],"about":[{"href":"https:\/\/www.aepeb.be\/aepeb\/wp-json\/wp\/v2\/types\/page"}],"author":[{"embeddable":true,"href":"https:\/\/www.aepeb.be\/aepeb\/wp-json\/wp\/v2\/users\/1"}],"replies":[{"embeddable":true,"href":"https:\/\/www.aepeb.be\/aepeb\/wp-json\/wp\/v2\/comments?post=198"}],"version-history":[{"count":1,"href":"https:\/\/www.aepeb.be\/aepeb\/wp-json\/wp\/v2\/pages\/198\/revisions"}],"predecessor-version":[{"id":2531,"href":"https:\/\/www.aepeb.be\/aepeb\/wp-json\/wp\/v2\/pages\/198\/revisions\/2531"}],"wp:attachment":[{"href":"https:\/\/www.aepeb.be\/aepeb\/wp-json\/wp\/v2\/media?parent=198"}],"curies":[{"name":"wp","href":"https:\/\/api.w.org\/{rel}","templated":true}]}}