{"id":201,"date":"2012-02-05T20:00:55","date_gmt":"2012-02-05T20:00:55","guid":{"rendered":"http:\/\/www.aepeb.be\/aepeb\/?page_id=201"},"modified":"2022-10-16T13:41:04","modified_gmt":"2022-10-16T13:41:04","slug":"bruxelles-woluwe","status":"publish","type":"page","link":"https:\/\/www.aepeb.be\/aepeb\/bruxelles-woluwe\/","title":{"rendered":"Bruxelles Woluwe"},"content":{"rendered":"<p style=\"text-align: center;\">L'\u00e9glise est situ\u00e9e :<\/p>\n<p style=\"text-align: center;\"><div id=\"metaslider-id-1813\" style=\"max-width: 600px;\" class=\"ml-slider-3-107-0 metaslider metaslider-nivo metaslider-1813 ml-slider ms-theme-default\" role=\"region\" aria-label=\"Bruxelles-Woluwe\" data-height=\"450\" data-width=\"600\">\n    <div id=\"metaslider_container_1813\">\n        <div class='slider-wrapper theme-default'><div class='ribbon'><\/div><div id='metaslider_1813' class='nivoSlider'><\/div><\/div>\n        \n    <\/div>\n<\/div><\/p>\n<p style=\"text-align: center;\"><span style=\"color: #800000;\"><strong>Avenue Slegers, 96 -\u00a01200 Woluwe-St-Lambert<\/strong><\/span><\/p>\n<p style=\"text-align: center;\">Le culte est c\u00e9l\u00e9br\u00e9 :<\/p>\n<p style=\"text-align: center;\" align=\"center\"><span style=\"color: #800000;\"><strong>le dimanche \u00e0 9h30 et \u00e0 11h30<br \/>\n<\/strong><\/span><\/p>\n<p style=\"text-align: center;\">Pour plus d'informations, contacter :<\/p>\n<p style=\"text-align: center;\"><span style=\"color: #800000;\"><strong>le pasteur Stephen Orange<br \/>\n<a href=\"http:\/\/www.aepeb.be\/aepeb\/wp-content\/uploads\/2012\/02\/Steve_Orange.jpg\"><img loading=\"lazy\" decoding=\"async\" class=\"aligncenter wp-image-1641\" src=\"http:\/\/www.aepeb.be\/aepeb\/wp-content\/uploads\/2012\/02\/Steve_Orange.jpg\" alt=\"Steve_Orange\" width=\"400\" height=\"201\" \/><\/a><\/strong><\/span><\/p>\n<p style=\"text-align: center;\">\u00a0Pour le contacter, veuillez changer \"pr\u00e9nom\" et \"nom\"<br \/>\ndans le mail ci-apr\u00e8s\u00a0par le pr\u00e9nom et le nom indiqu\u00e9 ci-dessus*<\/p>\n<p style=\"text-align: center;\" align=\"center\"><a href=\"mailto:prenom.nom@aepeb.be\" target=\"_blank\" rel=\"noopener\">prenom.nom@aepeb.be<\/a><\/p>\n<p style=\"text-align: center;\"><em>*Ceci pour lutter contre le spamming<\/em><\/p>\n<p style=\"text-align: center;\">Le site internet de l'\u00e9glise :<\/p>\n<p style=\"text-align: center;\"><a title=\"Woluwe-St-Lambert\" href=\"https:\/\/www.protestants-bruxelles.be\" target=\"_blank\" rel=\"noopener\">https:\/\/www.protestants-bruxelles.be<\/a><\/p>\n<p><iframe loading=\"lazy\" src=\"http:\/\/maps.google.be\/maps?f=q&amp;source=s_q&amp;hl=fr&amp;geocode=&amp;q=Avenue+Slegers,+96+-+1200+Wolume-St-Lambert&amp;aq=&amp;sll=50.848967,4.364424&amp;sspn=0.010378,0.033023&amp;ie=UTF8&amp;hq=&amp;hnear=Avenue+A.J.+Slegers+96,+1200+Woluwe-Saint-Lambert,+Bruxelles&amp;t=m&amp;z=14&amp;iwloc=A&amp;output=embed\" width=\"560\" height=\"450\" frameborder=\"0\" marginwidth=\"0\" marginheight=\"0\" scrolling=\"no\"><\/iframe><br \/>\n<small><a style=\"color: #0000ff; text-align: left;\" href=\"http:\/\/maps.google.be\/maps?f=q&amp;source=embed&amp;hl=fr&amp;geocode=&amp;q=Avenue+Slegers,+96+-+1200+Wolume-St-Lambert&amp;aq=&amp;sll=50.848967,4.364424&amp;sspn=0.010378,0.033023&amp;ie=UTF8&amp;hq=&amp;hnear=Avenue+A.J.+Slegers+96,+1200+Woluwe-Saint-Lambert,+Bruxelles&amp;t=m&amp;z=14&amp;iwloc=A\">Agrandir le plan<\/a><\/small><\/p>\n","protected":false},"excerpt":{"rendered":"<p>L&rsquo;\u00e9glise est situ\u00e9e : Avenue Slegers, 96 &#8211;\u00a01200 Woluwe-St-Lambert Le culte est c\u00e9l\u00e9br\u00e9 : le dimanche \u00e0 9h30 et \u00e0 11h30 Pour plus d&rsquo;informations, contacter : le pasteur Stephen Orange \u00a0Pour le contacter, veuillez changer \u00ab\u00a0pr\u00e9nom\u00a0\u00bb et \u00ab\u00a0nom\u00a0\u00bb dans le mail ci-apr\u00e8s\u00a0par le pr\u00e9nom et le nom indiqu\u00e9 ci-dessus* prenom.nom@aepeb.be *Ceci pour lutter contre le [&hellip;]<\/p>\n","protected":false},"author":1,"featured_media":342,"parent":0,"menu_order":16,"comment_status":"closed","ping_status":"closed","template":"","meta":{"ocean_post_layout":"","ocean_both_sidebars_style":"","ocean_both_sidebars_content_width":0,"ocean_both_sidebars_sidebars_width":0,"ocean_sidebar":"","ocean_second_sidebar":"","ocean_disable_margins":"enable","ocean_add_body_class":"","ocean_shortcode_before_top_bar":"","ocean_shortcode_after_top_bar":"","ocean_shortcode_before_header":"","ocean_shortcode_after_header":"","ocean_has_shortcode":"","ocean_shortcode_after_title":"","ocean_shortcode_before_footer_widgets":"","ocean_shortcode_after_footer_widgets":"","ocean_shortcode_before_footer_bottom":"","ocean_shortcode_after_footer_bottom":"","ocean_display_top_bar":"default","ocean_display_header":"default","ocean_header_style":"","ocean_center_header_left_menu":"","ocean_custom_header_template":"","ocean_custom_logo":0,"ocean_custom_retina_logo":0,"ocean_custom_logo_max_width":0,"ocean_custom_logo_tablet_max_width":0,"ocean_custom_logo_mobile_max_width":0,"ocean_custom_logo_max_height":0,"ocean_custom_logo_tablet_max_height":0,"ocean_custom_logo_mobile_max_height":0,"ocean_header_custom_menu":"","ocean_menu_typo_font_family":"","ocean_menu_typo_font_subset":"","ocean_menu_typo_font_size":0,"ocean_menu_typo_font_size_tablet":0,"ocean_menu_typo_font_size_mobile":0,"ocean_menu_typo_font_size_unit":"px","ocean_menu_typo_font_weight":"","ocean_menu_typo_font_weight_tablet":"","ocean_menu_typo_font_weight_mobile":"","ocean_menu_typo_transform":"","ocean_menu_typo_transform_tablet":"","ocean_menu_typo_transform_mobile":"","ocean_menu_typo_line_height":0,"ocean_menu_typo_line_height_tablet":0,"ocean_menu_typo_line_height_mobile":0,"ocean_menu_typo_line_height_unit":"","ocean_menu_typo_spacing":0,"ocean_menu_typo_spacing_tablet":0,"ocean_menu_typo_spacing_mobile":0,"ocean_menu_typo_spacing_unit":"","ocean_menu_link_color":"","ocean_menu_link_color_hover":"","ocean_menu_link_color_active":"","ocean_menu_link_background":"","ocean_menu_link_hover_background":"","ocean_menu_link_active_background":"","ocean_menu_social_links_bg":"","ocean_menu_social_hover_links_bg":"","ocean_menu_social_links_color":"","ocean_menu_social_hover_links_color":"","ocean_disable_title":"default","ocean_disable_heading":"default","ocean_post_title":"","ocean_post_subheading":"","ocean_post_title_style":"","ocean_post_title_background_color":"","ocean_post_title_background":0,"ocean_post_title_bg_image_position":"","ocean_post_title_bg_image_attachment":"","ocean_post_title_bg_image_repeat":"","ocean_post_title_bg_image_size":"","ocean_post_title_height":0,"ocean_post_title_bg_overlay":0.5,"ocean_post_title_bg_overlay_color":"","ocean_disable_breadcrumbs":"default","ocean_breadcrumbs_color":"","ocean_breadcrumbs_separator_color":"","ocean_breadcrumbs_links_color":"","ocean_breadcrumbs_links_hover_color":"","ocean_display_footer_widgets":"default","ocean_display_footer_bottom":"default","ocean_custom_footer_template":"","osh_disable_topbar_sticky":"default","osh_disable_header_sticky":"default","osh_sticky_header_style":"default","osh_sticky_header_effect":"","osh_custom_sticky_logo":0,"osh_custom_retina_sticky_logo":0,"osh_custom_sticky_logo_height":0,"osh_background_color":"","osh_links_color":"","osh_links_hover_color":"","osh_links_active_color":"","osh_links_bg_color":"","osh_links_hover_bg_color":"","osh_links_active_bg_color":"","osh_menu_social_links_color":"","osh_menu_social_hover_links_color":"","footnotes":""},"class_list":["post-201","page","type-page","status-publish","has-post-thumbnail","hentry","entry","has-media"],"_links":{"self":[{"href":"https:\/\/www.aepeb.be\/aepeb\/wp-json\/wp\/v2\/pages\/201","targetHints":{"allow":["GET"]}}],"collection":[{"href":"https:\/\/www.aepeb.be\/aepeb\/wp-json\/wp\/v2\/pages"}],"about":[{"href":"https:\/\/www.aepeb.be\/aepeb\/wp-json\/wp\/v2\/types\/page"}],"author":[{"embeddable":true,"href":"https:\/\/www.aepeb.be\/aepeb\/wp-json\/wp\/v2\/users\/1"}],"replies":[{"embeddable":true,"href":"https:\/\/www.aepeb.be\/aepeb\/wp-json\/wp\/v2\/comments?post=201"}],"version-history":[{"count":1,"href":"https:\/\/www.aepeb.be\/aepeb\/wp-json\/wp\/v2\/pages\/201\/revisions"}],"predecessor-version":[{"id":2533,"href":"https:\/\/www.aepeb.be\/aepeb\/wp-json\/wp\/v2\/pages\/201\/revisions\/2533"}],"wp:featuredmedia":[{"embeddable":true,"href":"https:\/\/www.aepeb.be\/aepeb\/wp-json\/wp\/v2\/media\/342"}],"wp:attachment":[{"href":"https:\/\/www.aepeb.be\/aepeb\/wp-json\/wp\/v2\/media?parent=201"}],"curies":[{"name":"wp","href":"https:\/\/api.w.org\/{rel}","templated":true}]}}