{"id":230,"date":"2012-02-05T20:53:18","date_gmt":"2012-02-05T20:53:18","guid":{"rendered":"http:\/\/www.aepeb.be\/aepeb\/?page_id=230"},"modified":"2015-11-23T19:03:23","modified_gmt":"2015-11-23T19:03:23","slug":"huy","status":"publish","type":"page","link":"https:\/\/www.aepeb.be\/aepeb\/huy\/","title":{"rendered":"Huy"},"content":{"rendered":"<p style=\"text-align: center;\">L'\u00e9glise est situ\u00e9e :<\/p>\n<p style=\"text-align: center;\"><div id=\"metaslider-id-1771\" style=\"max-width: 640px;\" class=\"ml-slider-3-107-0 metaslider metaslider-nivo metaslider-1771 ml-slider ms-theme-default\" role=\"region\" aria-label=\"Huy\" data-height=\"960\" data-width=\"640\">\n    <div id=\"metaslider_container_1771\">\n        <div class='slider-wrapper theme-default'><div class='ribbon'><\/div><div id='metaslider_1771' class='nivoSlider'><img loading=\"lazy\" decoding=\"async\" src=\"https:\/\/www.aepeb.be\/aepeb\/wp-content\/uploads\/2017\/01\/DSC_0120-640x960.jpg\" height=\"960\" width=\"640\" title=\"DSC_0120\" alt=\"\" class=\"slider-1771 slide-2612 msDefaultImage\" \/><img loading=\"lazy\" decoding=\"async\" src=\"https:\/\/www.aepeb.be\/aepeb\/wp-content\/uploads\/2017\/01\/DSC_0117-640x960.jpg\" height=\"960\" width=\"640\" title=\"DSC_0117\" alt=\"\" class=\"slider-1771 slide-2613 msDefaultImage\" \/><img loading=\"lazy\" decoding=\"async\" src=\"https:\/\/www.aepeb.be\/aepeb\/wp-content\/uploads\/2017\/01\/DSC_0116-640x960.jpg\" height=\"960\" width=\"640\" title=\"DSC_0116\" alt=\"\" class=\"slider-1771 slide-2614 msDefaultImage\" \/><img loading=\"lazy\" decoding=\"async\" src=\"https:\/\/www.aepeb.be\/aepeb\/wp-content\/uploads\/2017\/01\/DSC_0115-640x960.jpg\" height=\"960\" width=\"640\" title=\"DSC_0115\" alt=\"\" class=\"slider-1771 slide-2615 msDefaultImage\" \/><img loading=\"lazy\" decoding=\"async\" src=\"https:\/\/www.aepeb.be\/aepeb\/wp-content\/uploads\/2017\/01\/DSC_0113-640x960.jpg\" height=\"960\" width=\"640\" title=\"DSC_0113\" alt=\"\" class=\"slider-1771 slide-2616 msDefaultImage\" \/><img loading=\"lazy\" decoding=\"async\" src=\"https:\/\/www.aepeb.be\/aepeb\/wp-content\/uploads\/2017\/01\/DSC_0109-640x960.jpg\" height=\"960\" width=\"640\" title=\"DSC_0109\" alt=\"\" class=\"slider-1771 slide-2617 msDefaultImage\" \/><img loading=\"lazy\" decoding=\"async\" src=\"https:\/\/www.aepeb.be\/aepeb\/wp-content\/uploads\/2017\/01\/DSC_0106-640x960.jpg\" height=\"960\" width=\"640\" title=\"DSC_0106\" alt=\"\" class=\"slider-1771 slide-2618 msDefaultImage\" \/><img loading=\"lazy\" decoding=\"async\" src=\"https:\/\/www.aepeb.be\/aepeb\/wp-content\/uploads\/2017\/01\/DSC_0099-640x960.jpg\" height=\"960\" width=\"640\" title=\"DSC_0099\" alt=\"\" class=\"slider-1771 slide-2619 msDefaultImage\" \/><img loading=\"lazy\" decoding=\"async\" src=\"https:\/\/www.aepeb.be\/aepeb\/wp-content\/uploads\/2017\/01\/DSC_0095-640x960.jpg\" height=\"960\" width=\"640\" title=\"DSC_0095\" alt=\"Eglise Evang\u00e9lique Bruxelles-Woluwe\" class=\"slider-1771 slide-2620 msDefaultImage\" \/><\/div><\/div>\n        \n    <\/div>\n<\/div><\/p>\n<p style=\"text-align: center;\"><span style=\"color: #800000;\"><strong>Rue Albert I<sup>er<\/sup>, 21 - 4500 Huy<\/strong><\/span><\/p>\n<p style=\"text-align: center;\">Le culte est c\u00e9l\u00e9br\u00e9 :<\/p>\n<p style=\"text-align: center;\" align=\"center\"><strong><span style=\"color: #800000;\">le dimanche \u00e0 10h00\u00a0<\/span><\/strong><\/p>\n<p style=\"text-align: center;\">Pour plus d'informations, contacter :<\/p>\n<p style=\"text-align: center;\"><strong><span style=\"color: #800000;\">Le Pasteur Daniel LIBEREK<\/span><\/strong><\/p>\n<p style=\"text-align: center;\"><img loading=\"lazy\" decoding=\"async\" class=\"aligncenter size-full wp-image-395\" title=\"resp_huy01\" src=\"http:\/\/www.aepeb.be\/aepeb\/wp-content\/uploads\/2012\/02\/resp_huy01.jpg\" alt=\"\" width=\"320\" height=\"224\" srcset=\"https:\/\/www.aepeb.be\/aepeb\/wp-content\/uploads\/2012\/02\/resp_huy01.jpg 320w, https:\/\/www.aepeb.be\/aepeb\/wp-content\/uploads\/2012\/02\/resp_huy01-300x210.jpg 300w\" sizes=\"auto, (max-width: 320px) 100vw, 320px\" \/><a href=\"http:\/\/www.aepeb.be\/aepeb\/wp-content\/uploads\/2012\/02\/davdoyen.jpg\"><br \/> <\/a><br \/> Pour le contacter, veuillez changer \"pr\u00e9nom\" et \"nom\"<br \/> dans le mail ci-apr\u00e8s\u00a0par le pr\u00e9nom et le nom indiqu\u00e9 ci-dessus*<\/p>\n<p style=\"text-align: center;\" align=\"center\"><a href=\"mailto:prenom.nom@aepeb.be\" target=\"_blank\">prenom.nom@aepeb.be<\/a><\/p>\n<p style=\"text-align: center;\"><em>*Ceci pour lutter contre le spamming<\/em><\/p>\n<p style=\"text-align: center;\">Le site internet de l'\u00e9glise :<\/p>\n<p style=\"text-align: center;\">...<\/p>\n<p><iframe loading=\"lazy\" src=\"http:\/\/maps.google.be\/maps?f=q&amp;source=s_q&amp;hl=fr&amp;geocode=&amp;q=Rue+Albert+Ier,+21+%E2%80%93+4500+Huy&amp;aq=&amp;sll=50.403784,3.782656&amp;sspn=0.010476,0.033023&amp;ie=UTF8&amp;hq=&amp;hnear=Avenue+Albert+Ier+21,+Huy+4500+Huy,+Li%C3%A8ge,+R%C3%A9gion+Wallonne&amp;t=m&amp;z=14&amp;iwloc=A&amp;output=embed\" width=\"560\" height=\"450\" frameborder=\"0\" marginwidth=\"0\" marginheight=\"0\" scrolling=\"no\"><\/iframe><br \/><small><a style=\"color: #0000ff; text-align: left;\" href=\"http:\/\/maps.google.be\/maps?f=q&amp;source=embed&amp;hl=fr&amp;geocode=&amp;q=Rue+Albert+Ier,+21+%E2%80%93+4500+Huy&amp;aq=&amp;sll=50.403784,3.782656&amp;sspn=0.010476,0.033023&amp;ie=UTF8&amp;hq=&amp;hnear=Avenue+Albert+Ier+21,+Huy+4500+Huy,+Li%C3%A8ge,+R%C3%A9gion+Wallonne&amp;t=m&amp;z=14&amp;iwloc=A\">Agrandir le plan<\/a><\/small><\/p>\n","protected":false},"excerpt":{"rendered":"<p>L&rsquo;\u00e9glise est situ\u00e9e : Rue Albert Ier, 21 &#8211; 4500 Huy Le culte est c\u00e9l\u00e9br\u00e9 : le dimanche \u00e0 10h00\u00a0 Pour plus d&rsquo;informations, contacter : Le Pasteur Daniel LIBEREK Pour le contacter, veuillez changer \u00ab\u00a0pr\u00e9nom\u00a0\u00bb et \u00ab\u00a0nom\u00a0\u00bb dans le mail ci-apr\u00e8s\u00a0par le pr\u00e9nom et le nom indiqu\u00e9 ci-dessus* prenom.nom@aepeb.be *Ceci pour lutter contre le spamming [&hellip;]<\/p>\n","protected":false},"author":1,"featured_media":0,"parent":0,"menu_order":51,"comment_status":"closed","ping_status":"closed","template":"","meta":{"ocean_post_layout":"","ocean_both_sidebars_style":"","ocean_both_sidebars_content_width":0,"ocean_both_sidebars_sidebars_width":0,"ocean_sidebar":"","ocean_second_sidebar":"","ocean_disable_margins":"enable","ocean_add_body_class":"","ocean_shortcode_before_top_bar":"","ocean_shortcode_after_top_bar":"","ocean_shortcode_before_header":"","ocean_shortcode_after_header":"","ocean_has_shortcode":"","ocean_shortcode_after_title":"","ocean_shortcode_before_footer_widgets":"","ocean_shortcode_after_footer_widgets":"","ocean_shortcode_before_footer_bottom":"","ocean_shortcode_after_footer_bottom":"","ocean_display_top_bar":"default","ocean_display_header":"default","ocean_header_style":"","ocean_center_header_left_menu":"","ocean_custom_header_template":"","ocean_custom_logo":0,"ocean_custom_retina_logo":0,"ocean_custom_logo_max_width":0,"ocean_custom_logo_tablet_max_width":0,"ocean_custom_logo_mobile_max_width":0,"ocean_custom_logo_max_height":0,"ocean_custom_logo_tablet_max_height":0,"ocean_custom_logo_mobile_max_height":0,"ocean_header_custom_menu":"","ocean_menu_typo_font_family":"","ocean_menu_typo_font_subset":"","ocean_menu_typo_font_size":0,"ocean_menu_typo_font_size_tablet":0,"ocean_menu_typo_font_size_mobile":0,"ocean_menu_typo_font_size_unit":"px","ocean_menu_typo_font_weight":"","ocean_menu_typo_font_weight_tablet":"","ocean_menu_typo_font_weight_mobile":"","ocean_menu_typo_transform":"","ocean_menu_typo_transform_tablet":"","ocean_menu_typo_transform_mobile":"","ocean_menu_typo_line_height":0,"ocean_menu_typo_line_height_tablet":0,"ocean_menu_typo_line_height_mobile":0,"ocean_menu_typo_line_height_unit":"","ocean_menu_typo_spacing":0,"ocean_menu_typo_spacing_tablet":0,"ocean_menu_typo_spacing_mobile":0,"ocean_menu_typo_spacing_unit":"","ocean_menu_link_color":"","ocean_menu_link_color_hover":"","ocean_menu_link_color_active":"","ocean_menu_link_background":"","ocean_menu_link_hover_background":"","ocean_menu_link_active_background":"","ocean_menu_social_links_bg":"","ocean_menu_social_hover_links_bg":"","ocean_menu_social_links_color":"","ocean_menu_social_hover_links_color":"","ocean_disable_title":"default","ocean_disable_heading":"default","ocean_post_title":"","ocean_post_subheading":"","ocean_post_title_style":"","ocean_post_title_background_color":"","ocean_post_title_background":0,"ocean_post_title_bg_image_position":"","ocean_post_title_bg_image_attachment":"","ocean_post_title_bg_image_repeat":"","ocean_post_title_bg_image_size":"","ocean_post_title_height":0,"ocean_post_title_bg_overlay":0.5,"ocean_post_title_bg_overlay_color":"","ocean_disable_breadcrumbs":"default","ocean_breadcrumbs_color":"","ocean_breadcrumbs_separator_color":"","ocean_breadcrumbs_links_color":"","ocean_breadcrumbs_links_hover_color":"","ocean_display_footer_widgets":"default","ocean_display_footer_bottom":"default","ocean_custom_footer_template":"","osh_disable_topbar_sticky":"default","osh_disable_header_sticky":"default","osh_sticky_header_style":"default","osh_sticky_header_effect":"","osh_custom_sticky_logo":0,"osh_custom_retina_sticky_logo":0,"osh_custom_sticky_logo_height":0,"osh_background_color":"","osh_links_color":"","osh_links_hover_color":"","osh_links_active_color":"","osh_links_bg_color":"","osh_links_hover_bg_color":"","osh_links_active_bg_color":"","osh_menu_social_links_color":"","osh_menu_social_hover_links_color":"","footnotes":""},"class_list":["post-230","page","type-page","status-publish","hentry","entry"],"_links":{"self":[{"href":"https:\/\/www.aepeb.be\/aepeb\/wp-json\/wp\/v2\/pages\/230","targetHints":{"allow":["GET"]}}],"collection":[{"href":"https:\/\/www.aepeb.be\/aepeb\/wp-json\/wp\/v2\/pages"}],"about":[{"href":"https:\/\/www.aepeb.be\/aepeb\/wp-json\/wp\/v2\/types\/page"}],"author":[{"embeddable":true,"href":"https:\/\/www.aepeb.be\/aepeb\/wp-json\/wp\/v2\/users\/1"}],"replies":[{"embeddable":true,"href":"https:\/\/www.aepeb.be\/aepeb\/wp-json\/wp\/v2\/comments?post=230"}],"version-history":[{"count":0,"href":"https:\/\/www.aepeb.be\/aepeb\/wp-json\/wp\/v2\/pages\/230\/revisions"}],"wp:attachment":[{"href":"https:\/\/www.aepeb.be\/aepeb\/wp-json\/wp\/v2\/media?parent=230"}],"curies":[{"name":"wp","href":"https:\/\/api.w.org\/{rel}","templated":true}]}}