{"id":2439,"date":"2021-11-16T18:42:01","date_gmt":"2021-11-16T18:42:01","guid":{"rendered":"https:\/\/www.aepeb.be\/aepeb\/?page_id=2439"},"modified":"2023-01-17T14:31:10","modified_gmt":"2023-01-17T14:31:10","slug":"berchem-ste-agathe","status":"publish","type":"page","link":"https:\/\/www.aepeb.be\/aepeb\/berchem-ste-agathe\/","title":{"rendered":"Bruxelles Molenbeek-Saint-Jean"},"content":{"rendered":"<p style=\"text-align: center;\">L'\u00e9glise est situ\u00e9e :<\/p>\n<p><img loading=\"lazy\" decoding=\"async\" class=\"aligncenter wp-image-2518 size-full\" title=\"nofollow\" src=\"https:\/\/www.aepeb.be\/aepeb\/wp-content\/uploads\/2022\/05\/Molenbeek.png\" alt=\"Elise de Molenbeek\" width=\"1080\" height=\"716\" srcset=\"https:\/\/www.aepeb.be\/aepeb\/wp-content\/uploads\/2022\/05\/Molenbeek.png 1080w, https:\/\/www.aepeb.be\/aepeb\/wp-content\/uploads\/2022\/05\/Molenbeek-768x509.png 768w, https:\/\/www.aepeb.be\/aepeb\/wp-content\/uploads\/2022\/05\/Molenbeek-150x100.png 150w, https:\/\/www.aepeb.be\/aepeb\/wp-content\/uploads\/2022\/05\/Molenbeek-320x213.png 320w\" sizes=\"auto, (max-width: 1080px) 100vw, 1080px\" \/><\/p>\n<p style=\"text-align: center;\"><span style=\"color: #800000;\"><strong>rue Paloke, 75 \u00e0 1080 Molenbeek-Saint-Jean<\/strong><\/span><\/p>\n<p style=\"text-align: center;\"><div id=\"metaslider-id-2434\" style=\"max-width: 560px;\" class=\"ml-slider-3-107-0 metaslider metaslider-coin metaslider-2434 ml-slider ms-theme-default\" role=\"region\" aria-label=\"Le Rocher\" data-height=\"350\" data-width=\"560\">\n    <div id=\"metaslider_container_2434\">\n        <div id='metaslider_2434' class='coin-slider'>\n<a href=\"javascript:void(0)\" target=\"_self\"><img loading=\"lazy\" decoding=\"async\" src=\"https:\/\/www.aepeb.be\/aepeb\/wp-content\/uploads\/2021\/11\/photo-deglise-Le-Rocher-560x350.jpg\" height=\"350\" width=\"560\" alt=\"\" class=\"slider-2434 slide-2437 msDefaultImage\" title=\"photo d&#039;\u00e9glise Le Rocher\" style=\"display: none;\" \/><\/a>\n<a href=\"javascript:void(0)\" target=\"_self\"><img loading=\"lazy\" decoding=\"async\" src=\"https:\/\/www.aepeb.be\/aepeb\/wp-content\/uploads\/2021\/11\/anciens-diacres-photo-560x350.jpg\" height=\"350\" width=\"560\" alt=\"\" class=\"slider-2434 slide-2438 msDefaultImage\" title=\"anciens diacres photo\" style=\"display: none;\" \/><\/a>\n        <\/div>\n        \n    <\/div>\n<\/div><\/p>\n<p style=\"text-align: center;\"><span style=\"color: #800000;\"><strong>Adresse a venir<br \/>\n<\/strong><\/span><\/p>\n<p style=\"text-align: center;\">Le culte est c\u00e9l\u00e9br\u00e9 :<\/p>\n<p style=\"text-align: center;\" align=\"center\"><strong><span style=\"color: #800000;\">le dimanche \u00e0 15h00<br \/>\n<\/span><\/strong><\/p>\n<p style=\"text-align: center;\">Pour plus d'informations, contacter :<\/p>\n<p style=\"text-align: center;\"><strong><span style=\"color: #800000;\">Le Pasteur Micha\u00ebl Limpens<br \/>\n<\/span><\/strong><\/p>\n<p><img loading=\"lazy\" decoding=\"async\" class=\"aligncenter size-full wp-image-2440\" src=\"https:\/\/www.aepeb.be\/aepeb\/wp-content\/uploads\/2021\/11\/Pasteur-et-famille-photo.jpg\" alt=\"\" width=\"1917\" height=\"1920\" srcset=\"https:\/\/www.aepeb.be\/aepeb\/wp-content\/uploads\/2021\/11\/Pasteur-et-famille-photo.jpg 1917w, https:\/\/www.aepeb.be\/aepeb\/wp-content\/uploads\/2021\/11\/Pasteur-et-famille-photo-768x769.jpg 768w, https:\/\/www.aepeb.be\/aepeb\/wp-content\/uploads\/2021\/11\/Pasteur-et-famille-photo-1534x1536.jpg 1534w, https:\/\/www.aepeb.be\/aepeb\/wp-content\/uploads\/2021\/11\/Pasteur-et-famille-photo-340x340.jpg 340w, https:\/\/www.aepeb.be\/aepeb\/wp-content\/uploads\/2021\/11\/Pasteur-et-famille-photo-60x60.jpg 60w\" sizes=\"auto, (max-width: 1917px) 100vw, 1917px\" \/><\/p>\n<p style=\"text-align: center;\">Pour le contacter, veuillez changer \"pr\u00e9nom\" et \"nom\"<br \/>\ndans le mail ci-apr\u00e8s par le pr\u00e9nom et le nom indiqu\u00e9 ci-dessus*<\/p>\n<p style=\"text-align: center;\" align=\"center\"><a href=\"mailto:prenom.nom@aepeb.be\" target=\"_blank\" rel=\"noopener noreferrer\">prenom.nom@aepeb.be<\/a><\/p>\n<p style=\"text-align: center;\">Le site internet de l'\u00e9glise :<\/p>\n<p style=\"text-align: center;\"><a href=\"https:\/\/www.eglise-evangelique-bruxelles.be\" target=\"_blank\" rel=\"noopener\">https:\/\/www.eglise-evangelique-bruxelles.be<\/a><\/p>\n<p style=\"text-align: center;\"><em>*Ceci pour lutter contre le spamming<\/em><\/p>\n<p style=\"text-align: center;\"><iframe loading=\"lazy\" style=\"border: 0;\" src=\"https:\/\/www.google.com\/maps\/embed?pb=!1m14!1m12!1m3!1d20373.953301836165!2d4.486062049999999!3d50.334024150000005!2m3!1f0!2f0!3f0!3m2!1i1024!2i768!4f13.1!5e0!3m2!1sfr!2sbe!4v1653503714396!5m2!1sfr!2sbe\" width=\"600\" height=\"450\" allowfullscreen=\"allowfullscreen\"><\/iframe><\/p>\n<div id=\"ConnectiveDocSignExtentionInstalled\" data-extension-version=\"1.0.4\">\u00a0<\/div>\n","protected":false},"excerpt":{"rendered":"<p>L&rsquo;\u00e9glise est situ\u00e9e : rue Paloke, 75 \u00e0 1080 Molenbeek-Saint-Jean Adresse a venir Le culte est c\u00e9l\u00e9br\u00e9 : le dimanche \u00e0 15h00 Pour plus d&rsquo;informations, contacter : Le Pasteur Micha\u00ebl Limpens Pour le contacter, veuillez changer \u00ab\u00a0pr\u00e9nom\u00a0\u00bb et \u00ab\u00a0nom\u00a0\u00bb dans le mail ci-apr\u00e8s par le pr\u00e9nom et le nom indiqu\u00e9 ci-dessus* prenom.nom@aepeb.be Le site internet [&hellip;]<\/p>\n","protected":false},"author":1,"featured_media":0,"parent":0,"menu_order":0,"comment_status":"closed","ping_status":"closed","template":"","meta":{"ocean_post_layout":"","ocean_both_sidebars_style":"","ocean_both_sidebars_content_width":0,"ocean_both_sidebars_sidebars_width":0,"ocean_sidebar":"","ocean_second_sidebar":"","ocean_disable_margins":"enable","ocean_add_body_class":"","ocean_shortcode_before_top_bar":"","ocean_shortcode_after_top_bar":"","ocean_shortcode_before_header":"","ocean_shortcode_after_header":"","ocean_has_shortcode":"","ocean_shortcode_after_title":"","ocean_shortcode_before_footer_widgets":"","ocean_shortcode_after_footer_widgets":"","ocean_shortcode_before_footer_bottom":"","ocean_shortcode_after_footer_bottom":"","ocean_display_top_bar":"default","ocean_display_header":"default","ocean_header_style":"","ocean_center_header_left_menu":"","ocean_custom_header_template":"","ocean_custom_logo":0,"ocean_custom_retina_logo":0,"ocean_custom_logo_max_width":0,"ocean_custom_logo_tablet_max_width":0,"ocean_custom_logo_mobile_max_width":0,"ocean_custom_logo_max_height":0,"ocean_custom_logo_tablet_max_height":0,"ocean_custom_logo_mobile_max_height":0,"ocean_header_custom_menu":"","ocean_menu_typo_font_family":"","ocean_menu_typo_font_subset":"","ocean_menu_typo_font_size":0,"ocean_menu_typo_font_size_tablet":0,"ocean_menu_typo_font_size_mobile":0,"ocean_menu_typo_font_size_unit":"px","ocean_menu_typo_font_weight":"","ocean_menu_typo_font_weight_tablet":"","ocean_menu_typo_font_weight_mobile":"","ocean_menu_typo_transform":"","ocean_menu_typo_transform_tablet":"","ocean_menu_typo_transform_mobile":"","ocean_menu_typo_line_height":0,"ocean_menu_typo_line_height_tablet":0,"ocean_menu_typo_line_height_mobile":0,"ocean_menu_typo_line_height_unit":"","ocean_menu_typo_spacing":0,"ocean_menu_typo_spacing_tablet":0,"ocean_menu_typo_spacing_mobile":0,"ocean_menu_typo_spacing_unit":"","ocean_menu_link_color":"","ocean_menu_link_color_hover":"","ocean_menu_link_color_active":"","ocean_menu_link_background":"","ocean_menu_link_hover_background":"","ocean_menu_link_active_background":"","ocean_menu_social_links_bg":"","ocean_menu_social_hover_links_bg":"","ocean_menu_social_links_color":"","ocean_menu_social_hover_links_color":"","ocean_disable_title":"default","ocean_disable_heading":"default","ocean_post_title":"","ocean_post_subheading":"","ocean_post_title_style":"","ocean_post_title_background_color":"","ocean_post_title_background":0,"ocean_post_title_bg_image_position":"","ocean_post_title_bg_image_attachment":"","ocean_post_title_bg_image_repeat":"","ocean_post_title_bg_image_size":"","ocean_post_title_height":0,"ocean_post_title_bg_overlay":0.5,"ocean_post_title_bg_overlay_color":"","ocean_disable_breadcrumbs":"default","ocean_breadcrumbs_color":"","ocean_breadcrumbs_separator_color":"","ocean_breadcrumbs_links_color":"","ocean_breadcrumbs_links_hover_color":"","ocean_display_footer_widgets":"default","ocean_display_footer_bottom":"default","ocean_custom_footer_template":"","osh_disable_topbar_sticky":"default","osh_disable_header_sticky":"default","osh_sticky_header_style":"default","osh_sticky_header_effect":"","osh_custom_sticky_logo":0,"osh_custom_retina_sticky_logo":0,"osh_custom_sticky_logo_height":0,"osh_background_color":"","osh_links_color":"","osh_links_hover_color":"","osh_links_active_color":"","osh_links_bg_color":"","osh_links_hover_bg_color":"","osh_links_active_bg_color":"","osh_menu_social_links_color":"","osh_menu_social_hover_links_color":"","footnotes":""},"class_list":["post-2439","page","type-page","status-publish","hentry","entry"],"_links":{"self":[{"href":"https:\/\/www.aepeb.be\/aepeb\/wp-json\/wp\/v2\/pages\/2439","targetHints":{"allow":["GET"]}}],"collection":[{"href":"https:\/\/www.aepeb.be\/aepeb\/wp-json\/wp\/v2\/pages"}],"about":[{"href":"https:\/\/www.aepeb.be\/aepeb\/wp-json\/wp\/v2\/types\/page"}],"author":[{"embeddable":true,"href":"https:\/\/www.aepeb.be\/aepeb\/wp-json\/wp\/v2\/users\/1"}],"replies":[{"embeddable":true,"href":"https:\/\/www.aepeb.be\/aepeb\/wp-json\/wp\/v2\/comments?post=2439"}],"version-history":[{"count":9,"href":"https:\/\/www.aepeb.be\/aepeb\/wp-json\/wp\/v2\/pages\/2439\/revisions"}],"predecessor-version":[{"id":2453,"href":"https:\/\/www.aepeb.be\/aepeb\/wp-json\/wp\/v2\/pages\/2439\/revisions\/2453"}],"wp:attachment":[{"href":"https:\/\/www.aepeb.be\/aepeb\/wp-json\/wp\/v2\/media?parent=2439"}],"curies":[{"name":"wp","href":"https:\/\/api.w.org\/{rel}","templated":true}]}}