{"id":2455,"date":"2021-11-17T20:38:05","date_gmt":"2021-11-17T20:38:05","guid":{"rendered":"https:\/\/www.aepeb.be\/aepeb\/?page_id=2455"},"modified":"2025-01-27T07:20:15","modified_gmt":"2025-01-27T07:20:15","slug":"auderghem","status":"publish","type":"page","link":"https:\/\/www.aepeb.be\/aepeb\/auderghem\/","title":{"rendered":"Bruxelles Auderghem"},"content":{"rendered":"<p style=\"text-align: center;\">L'\u00e9glise est situ\u00e9e :<\/p>\n<p style=\"text-align: center;\"><img loading=\"lazy\" decoding=\"async\" class=\"aligncenter size-full wp-image-2622\" src=\"https:\/\/www.aepeb.be\/aepeb\/wp-content\/uploads\/2025\/01\/03.11.2024-02-scaled.jpg\" alt=\"\" width=\"2560\" height=\"1707\" srcset=\"https:\/\/www.aepeb.be\/aepeb\/wp-content\/uploads\/2025\/01\/03.11.2024-02-scaled.jpg 2560w, https:\/\/www.aepeb.be\/aepeb\/wp-content\/uploads\/2025\/01\/03.11.2024-02-768x512.jpg 768w, https:\/\/www.aepeb.be\/aepeb\/wp-content\/uploads\/2025\/01\/03.11.2024-02-1536x1024.jpg 1536w, https:\/\/www.aepeb.be\/aepeb\/wp-content\/uploads\/2025\/01\/03.11.2024-02-2048x1365.jpg 2048w, https:\/\/www.aepeb.be\/aepeb\/wp-content\/uploads\/2025\/01\/03.11.2024-02-150x100.jpg 150w, https:\/\/www.aepeb.be\/aepeb\/wp-content\/uploads\/2025\/01\/03.11.2024-02-320x213.jpg 320w, https:\/\/www.aepeb.be\/aepeb\/wp-content\/uploads\/2025\/01\/03.11.2024-02-272x182.jpg 272w, https:\/\/www.aepeb.be\/aepeb\/wp-content\/uploads\/2025\/01\/03.11.2024-02-360x240.jpg 360w, https:\/\/www.aepeb.be\/aepeb\/wp-content\/uploads\/2025\/01\/03.11.2024-02-720x480.jpg 720w\" sizes=\"auto, (max-width: 2560px) 100vw, 2560px\" \/><\/p>\n<p style=\"text-align: center;\"><strong><span style=\"color: #800000;\">Bd du Triomphe, 173\/5 - 1160 Auderghem<\/span><\/strong><\/p>\n<p style=\"text-align: center;\">Le culte est c\u00e9l\u00e9br\u00e9 :<\/p>\n<p style=\"text-align: center;\" align=\"center\"><strong><span style=\"color: #800000;\">le dimanche \u00e0 10h00 en <span style=\"text-decoration: underline;\">anglais<\/span><br \/>\nle dimanche \u00e0 11h30 en <span style=\"text-decoration: underline;\">fran\u00e7ais<\/span><br \/>\n<\/span><\/strong><\/p>\n<p style=\"text-align: center;\">Pour plus d'informations, contacter :<\/p>\n<p style=\"text-align: center;\"><strong><span style=\"color: #800000;\">Le Pasteur Ray Levy<br \/>\n<\/span><\/strong><em>(fran\u00e7ais et anglais)<\/em><\/p>\n<p><img loading=\"lazy\" decoding=\"async\" class=\"aligncenter wp-image-2551\" src=\"https:\/\/www.aepeb.be\/aepeb\/wp-content\/uploads\/2023\/03\/Ray-Levy.jpg\" alt=\"\" width=\"400\" height=\"533\" \/><\/p>\n<p style=\"text-align: center;\">ou<\/p>\n<p style=\"text-align: center;\"><strong><span style=\"color: #c11919;\">Le Pasteur Jordan Raybon<\/span><br \/>\n<\/strong><em>(anglais)<\/em><\/p>\n<p style=\"text-align: center;\"><strong><span style=\"color: #800000;\"><img loading=\"lazy\" decoding=\"async\" class=\"aligncenter wp-image-2624\" src=\"https:\/\/www.aepeb.be\/aepeb\/wp-content\/uploads\/2025\/01\/raybon-2021-2.jpg\" alt=\"\" width=\"400\" height=\"500\" \/><\/span><\/strong><\/p>\n<p style=\"text-align: center;\">ou<\/p>\n<p style=\"text-align: center;\"><strong><span style=\"color: #c11919;\">Le Pasteur Paul Every<\/span><br \/>\n<\/strong><em>(fran\u00e7ais et anglais)<\/em><\/p>\n<p style=\"text-align: center;\"><strong><img loading=\"lazy\" decoding=\"async\" class=\"aligncenter wp-image-2623\" src=\"https:\/\/www.aepeb.be\/aepeb\/wp-content\/uploads\/2025\/01\/03.11.2024-39.jpg\" alt=\"\" width=\"400\" height=\"500\" \/><\/strong><\/p>\n<p style=\"text-align: center;\"><span style=\"color: #800000;\"><br \/>\n<\/span>Pour les contacter, veuillez changer \"pr\u00e9nom\" et \"nom\"<br \/>\ndans le mail ci-apr\u00e8s par le pr\u00e9nom et le nom indiqu\u00e9 ci-dessus*<\/p>\n<p style=\"text-align: center;\" align=\"center\"><a href=\"mailto:prenom.nom@aepeb.be\" target=\"_blank\" rel=\"noopener noreferrer\">prenom.nom@aepeb.be<\/a><\/p>\n<p style=\"text-align: center;\"><em>*Ceci pour lutter contre le spamming<\/em><\/p>\n<p style=\"text-align: center;\">Le site internet de l'\u00e9glise :<\/p>\n<p style=\"text-align: center;\"><a href=\"http:\/\/www.lifepoint.be\" target=\"_blank\" rel=\"noopener noreferrer\">www.lifepoint.be<\/a><\/p>\n<p><iframe loading=\"lazy\" style=\"border: 0;\" src=\"https:\/\/www.google.com\/maps\/embed?pb=!1m18!1m12!1m3!1d2520.739495280848!2d4.400605615831525!3d50.81746506873222!2m3!1f0!2f0!3f0!3m2!1i1024!2i768!4f13.1!3m3!1m2!1s0x47c3c4ccd8e65a1f%3A0x21162f4240c4dd60!2sBd%20du%20Triomphe%20173%2C%201160%20Auderghem!5e0!3m2!1sfr!2sbe!4v1637181391131!5m2!1sfr!2sbe\" width=\"560\" height=\"450\" allowfullscreen=\"allowfullscreen\"><span style=\"display: inline-block; width: 0px; overflow: hidden; line-height: 0;\" data-mce-type=\"bookmark\" class=\"mce_SELRES_start\">\ufeff<\/span><\/iframe><\/p>\n<div id=\"ConnectiveDocSignExtentionInstalled\" data-extension-version=\"1.0.4\">\u00a0<\/div>\n","protected":false},"excerpt":{"rendered":"<p>L&rsquo;\u00e9glise est situ\u00e9e : Bd du Triomphe, 173\/5 &#8211; 1160 Auderghem Le culte est c\u00e9l\u00e9br\u00e9 : le dimanche \u00e0 10h00 en anglais le dimanche \u00e0 11h30 en fran\u00e7ais Pour plus d&rsquo;informations, contacter : Le Pasteur Ray Levy (fran\u00e7ais et anglais) ou Le Pasteur Jordan Raybon (anglais) ou Le Pasteur Paul Every (fran\u00e7ais et anglais) Pour [&hellip;]<\/p>\n","protected":false},"author":1,"featured_media":0,"parent":0,"menu_order":0,"comment_status":"closed","ping_status":"closed","template":"","meta":{"ocean_post_layout":"","ocean_both_sidebars_style":"","ocean_both_sidebars_content_width":0,"ocean_both_sidebars_sidebars_width":0,"ocean_sidebar":"","ocean_second_sidebar":"","ocean_disable_margins":"enable","ocean_add_body_class":"","ocean_shortcode_before_top_bar":"","ocean_shortcode_after_top_bar":"","ocean_shortcode_before_header":"","ocean_shortcode_after_header":"","ocean_has_shortcode":"","ocean_shortcode_after_title":"","ocean_shortcode_before_footer_widgets":"","ocean_shortcode_after_footer_widgets":"","ocean_shortcode_before_footer_bottom":"","ocean_shortcode_after_footer_bottom":"","ocean_display_top_bar":"default","ocean_display_header":"default","ocean_header_style":"","ocean_center_header_left_menu":"","ocean_custom_header_template":"","ocean_custom_logo":0,"ocean_custom_retina_logo":0,"ocean_custom_logo_max_width":0,"ocean_custom_logo_tablet_max_width":0,"ocean_custom_logo_mobile_max_width":0,"ocean_custom_logo_max_height":0,"ocean_custom_logo_tablet_max_height":0,"ocean_custom_logo_mobile_max_height":0,"ocean_header_custom_menu":"","ocean_menu_typo_font_family":"","ocean_menu_typo_font_subset":"","ocean_menu_typo_font_size":0,"ocean_menu_typo_font_size_tablet":0,"ocean_menu_typo_font_size_mobile":0,"ocean_menu_typo_font_size_unit":"px","ocean_menu_typo_font_weight":"","ocean_menu_typo_font_weight_tablet":"","ocean_menu_typo_font_weight_mobile":"","ocean_menu_typo_transform":"","ocean_menu_typo_transform_tablet":"","ocean_menu_typo_transform_mobile":"","ocean_menu_typo_line_height":0,"ocean_menu_typo_line_height_tablet":0,"ocean_menu_typo_line_height_mobile":0,"ocean_menu_typo_line_height_unit":"","ocean_menu_typo_spacing":0,"ocean_menu_typo_spacing_tablet":0,"ocean_menu_typo_spacing_mobile":0,"ocean_menu_typo_spacing_unit":"","ocean_menu_link_color":"","ocean_menu_link_color_hover":"","ocean_menu_link_color_active":"","ocean_menu_link_background":"","ocean_menu_link_hover_background":"","ocean_menu_link_active_background":"","ocean_menu_social_links_bg":"","ocean_menu_social_hover_links_bg":"","ocean_menu_social_links_color":"","ocean_menu_social_hover_links_color":"","ocean_disable_title":"default","ocean_disable_heading":"default","ocean_post_title":"","ocean_post_subheading":"","ocean_post_title_style":"","ocean_post_title_background_color":"","ocean_post_title_background":0,"ocean_post_title_bg_image_position":"","ocean_post_title_bg_image_attachment":"","ocean_post_title_bg_image_repeat":"","ocean_post_title_bg_image_size":"","ocean_post_title_height":0,"ocean_post_title_bg_overlay":0.5,"ocean_post_title_bg_overlay_color":"","ocean_disable_breadcrumbs":"default","ocean_breadcrumbs_color":"","ocean_breadcrumbs_separator_color":"","ocean_breadcrumbs_links_color":"","ocean_breadcrumbs_links_hover_color":"","ocean_display_footer_widgets":"default","ocean_display_footer_bottom":"default","ocean_custom_footer_template":"","osh_disable_topbar_sticky":"default","osh_disable_header_sticky":"default","osh_sticky_header_style":"default","osh_sticky_header_effect":"","osh_custom_sticky_logo":0,"osh_custom_retina_sticky_logo":0,"osh_custom_sticky_logo_height":0,"osh_background_color":"","osh_links_color":"","osh_links_hover_color":"","osh_links_active_color":"","osh_links_bg_color":"","osh_links_hover_bg_color":"","osh_links_active_bg_color":"","osh_menu_social_links_color":"","osh_menu_social_hover_links_color":"","footnotes":""},"class_list":["post-2455","page","type-page","status-publish","hentry","entry"],"_links":{"self":[{"href":"https:\/\/www.aepeb.be\/aepeb\/wp-json\/wp\/v2\/pages\/2455","targetHints":{"allow":["GET"]}}],"collection":[{"href":"https:\/\/www.aepeb.be\/aepeb\/wp-json\/wp\/v2\/pages"}],"about":[{"href":"https:\/\/www.aepeb.be\/aepeb\/wp-json\/wp\/v2\/types\/page"}],"author":[{"embeddable":true,"href":"https:\/\/www.aepeb.be\/aepeb\/wp-json\/wp\/v2\/users\/1"}],"replies":[{"embeddable":true,"href":"https:\/\/www.aepeb.be\/aepeb\/wp-json\/wp\/v2\/comments?post=2455"}],"version-history":[{"count":18,"href":"https:\/\/www.aepeb.be\/aepeb\/wp-json\/wp\/v2\/pages\/2455\/revisions"}],"predecessor-version":[{"id":2629,"href":"https:\/\/www.aepeb.be\/aepeb\/wp-json\/wp\/v2\/pages\/2455\/revisions\/2629"}],"wp:attachment":[{"href":"https:\/\/www.aepeb.be\/aepeb\/wp-json\/wp\/v2\/media?parent=2455"}],"curies":[{"name":"wp","href":"https:\/\/api.w.org\/{rel}","templated":true}]}}