{"id":2526,"date":"2022-10-16T13:37:58","date_gmt":"2022-10-16T13:37:58","guid":{"rendered":"https:\/\/www.aepeb.be\/aepeb\/?page_id=2526"},"modified":"2022-10-16T13:38:53","modified_gmt":"2022-10-16T13:38:53","slug":"herstal","status":"publish","type":"page","link":"https:\/\/www.aepeb.be\/aepeb\/herstal\/","title":{"rendered":"Herstal"},"content":{"rendered":"<p>L'\u00e9glise est situ\u00e9e :<\/p>\n<p><img loading=\"lazy\" decoding=\"async\" class=\"size-full wp-image-396 aligncenter\" title=\"eglise01\" src=\"http:\/\/www.aepeb.be\/aepeb\/wp-content\/uploads\/2012\/02\/eglise015.gif\" alt=\"\" width=\"295\" height=\"193\" \/><\/p>\n<p style=\"text-align: center;\"><span style=\"color: #800000;\">Rue Nadet 19 \u2013 4040 Herstal<\/span><\/p>\n<p style=\"text-align: center;\"><strong>\u00a0<\/strong><\/p>\n<p style=\"text-align: center;\">Le culte est c\u00e9l\u00e9br\u00e9 :<\/p>\n<p style=\"text-align: center;\" align=\"center\"><strong><span style=\"color: #993300;\">le dimanche \u00e0 10h00<\/span> <\/strong><\/p>\n<p style=\"text-align: center;\">Pour plus d'informations, contacter :<\/p>\n<p style=\"text-align: center;\"><strong><span style=\"color: #800000;\"><a style=\"color: #800000;\" href=\"mailto:thomas.geronazzo@aepeb.be\" target=\"_blank\" rel=\"noopener\">Le Pasteur Thomas Geronazzo<\/a><\/span><\/strong><a href=\"http:\/\/www.aepeb.be\/aepeb\/wp-content\/uploads\/2012\/02\/davdoyen.jpg\"><br \/>\n<\/a><br \/>\nPour le contacter, veuillez changer \"pr\u00e9nom\" et \"nom\"<br \/>\ndans le mail ci-apr\u00e8s par le pr\u00e9nom et le nom indiqu\u00e9 ci-dessus*<\/p>\n<p style=\"text-align: center;\" align=\"center\"><a href=\"mailto:prenom.nom@aepeb.be\" target=\"_blank\" rel=\"noopener\">prenom.nom@aepeb.be<\/a><\/p>\n<p style=\"text-align: center;\"><em>*Ceci pour lutter contre le spamming<\/em><\/p>\n<p style=\"text-align: center;\">Le site internet de l'\u00e9glise :<\/p>\n<p style=\"text-align: center;\"><strong><span style=\"color: #800000;\"><a style=\"color: #800000;\" href=\"http:\/\/http:\/\/www.epeh.be\/\" target=\"_blank\" rel=\"noopener\">http:\/\/www.epeh.be\/<\/a><\/span><\/strong><\/p>\n<p><iframe loading=\"lazy\" style=\"border: 0;\" src=\"https:\/\/www.google.com\/maps\/embed?pb=!1m18!1m12!1m3!1d2528.8300790444314!2d5.6238092158271895!3d50.667415379588455!2m3!1f0!2f0!3f0!3m2!1i1024!2i768!4f13.1!3m3!1m2!1s0x47c0f0f7f235af83%3A0x4aa01eabc88db368!2sRue%20Nadet%2019%2C%204040%20Herstal!5e0!3m2!1sfr!2sbe!4v1665927351248!5m2!1sfr!2sbe\" width=\"600\" height=\"450\" allowfullscreen=\"allowfullscreen\"><\/iframe><\/p>\n","protected":false},"excerpt":{"rendered":"<p>L&rsquo;\u00e9glise est situ\u00e9e : Rue Nadet 19 \u2013 4040 Herstal \u00a0 Le culte est c\u00e9l\u00e9br\u00e9 : le dimanche \u00e0 10h00 Pour plus d&rsquo;informations, contacter : Le Pasteur Thomas Geronazzo Pour le contacter, veuillez changer \u00ab\u00a0pr\u00e9nom\u00a0\u00bb et \u00ab\u00a0nom\u00a0\u00bb dans le mail ci-apr\u00e8s par le pr\u00e9nom et le nom indiqu\u00e9 ci-dessus* prenom.nom@aepeb.be *Ceci pour lutter contre le [&hellip;]<\/p>\n","protected":false},"author":1,"featured_media":0,"parent":0,"menu_order":0,"comment_status":"closed","ping_status":"closed","template":"","meta":{"ocean_post_layout":"","ocean_both_sidebars_style":"","ocean_both_sidebars_content_width":0,"ocean_both_sidebars_sidebars_width":0,"ocean_sidebar":"","ocean_second_sidebar":"","ocean_disable_margins":"enable","ocean_add_body_class":"","ocean_shortcode_before_top_bar":"","ocean_shortcode_after_top_bar":"","ocean_shortcode_before_header":"","ocean_shortcode_after_header":"","ocean_has_shortcode":"","ocean_shortcode_after_title":"","ocean_shortcode_before_footer_widgets":"","ocean_shortcode_after_footer_widgets":"","ocean_shortcode_before_footer_bottom":"","ocean_shortcode_after_footer_bottom":"","ocean_display_top_bar":"default","ocean_display_header":"default","ocean_header_style":"","ocean_center_header_left_menu":"","ocean_custom_header_template":"","ocean_custom_logo":0,"ocean_custom_retina_logo":0,"ocean_custom_logo_max_width":0,"ocean_custom_logo_tablet_max_width":0,"ocean_custom_logo_mobile_max_width":0,"ocean_custom_logo_max_height":0,"ocean_custom_logo_tablet_max_height":0,"ocean_custom_logo_mobile_max_height":0,"ocean_header_custom_menu":"","ocean_menu_typo_font_family":"","ocean_menu_typo_font_subset":"","ocean_menu_typo_font_size":0,"ocean_menu_typo_font_size_tablet":0,"ocean_menu_typo_font_size_mobile":0,"ocean_menu_typo_font_size_unit":"px","ocean_menu_typo_font_weight":"","ocean_menu_typo_font_weight_tablet":"","ocean_menu_typo_font_weight_mobile":"","ocean_menu_typo_transform":"","ocean_menu_typo_transform_tablet":"","ocean_menu_typo_transform_mobile":"","ocean_menu_typo_line_height":0,"ocean_menu_typo_line_height_tablet":0,"ocean_menu_typo_line_height_mobile":0,"ocean_menu_typo_line_height_unit":"","ocean_menu_typo_spacing":0,"ocean_menu_typo_spacing_tablet":0,"ocean_menu_typo_spacing_mobile":0,"ocean_menu_typo_spacing_unit":"","ocean_menu_link_color":"","ocean_menu_link_color_hover":"","ocean_menu_link_color_active":"","ocean_menu_link_background":"","ocean_menu_link_hover_background":"","ocean_menu_link_active_background":"","ocean_menu_social_links_bg":"","ocean_menu_social_hover_links_bg":"","ocean_menu_social_links_color":"","ocean_menu_social_hover_links_color":"","ocean_disable_title":"default","ocean_disable_heading":"default","ocean_post_title":"","ocean_post_subheading":"","ocean_post_title_style":"","ocean_post_title_background_color":"","ocean_post_title_background":0,"ocean_post_title_bg_image_position":"","ocean_post_title_bg_image_attachment":"","ocean_post_title_bg_image_repeat":"","ocean_post_title_bg_image_size":"","ocean_post_title_height":0,"ocean_post_title_bg_overlay":0.5,"ocean_post_title_bg_overlay_color":"","ocean_disable_breadcrumbs":"default","ocean_breadcrumbs_color":"","ocean_breadcrumbs_separator_color":"","ocean_breadcrumbs_links_color":"","ocean_breadcrumbs_links_hover_color":"","ocean_display_footer_widgets":"default","ocean_display_footer_bottom":"default","ocean_custom_footer_template":"","osh_disable_topbar_sticky":"default","osh_disable_header_sticky":"default","osh_sticky_header_style":"default","osh_sticky_header_effect":"","osh_custom_sticky_logo":0,"osh_custom_retina_sticky_logo":0,"osh_custom_sticky_logo_height":0,"osh_background_color":"","osh_links_color":"","osh_links_hover_color":"","osh_links_active_color":"","osh_links_bg_color":"","osh_links_hover_bg_color":"","osh_links_active_bg_color":"","osh_menu_social_links_color":"","osh_menu_social_hover_links_color":"","footnotes":""},"class_list":["post-2526","page","type-page","status-publish","hentry","entry"],"_links":{"self":[{"href":"https:\/\/www.aepeb.be\/aepeb\/wp-json\/wp\/v2\/pages\/2526","targetHints":{"allow":["GET"]}}],"collection":[{"href":"https:\/\/www.aepeb.be\/aepeb\/wp-json\/wp\/v2\/pages"}],"about":[{"href":"https:\/\/www.aepeb.be\/aepeb\/wp-json\/wp\/v2\/types\/page"}],"author":[{"embeddable":true,"href":"https:\/\/www.aepeb.be\/aepeb\/wp-json\/wp\/v2\/users\/1"}],"replies":[{"embeddable":true,"href":"https:\/\/www.aepeb.be\/aepeb\/wp-json\/wp\/v2\/comments?post=2526"}],"version-history":[{"count":4,"href":"https:\/\/www.aepeb.be\/aepeb\/wp-json\/wp\/v2\/pages\/2526\/revisions"}],"predecessor-version":[{"id":2530,"href":"https:\/\/www.aepeb.be\/aepeb\/wp-json\/wp\/v2\/pages\/2526\/revisions\/2530"}],"wp:attachment":[{"href":"https:\/\/www.aepeb.be\/aepeb\/wp-json\/wp\/v2\/media?parent=2526"}],"curies":[{"name":"wp","href":"https:\/\/api.w.org\/{rel}","templated":true}]}}