{"id":2718,"date":"2026-02-21T10:58:03","date_gmt":"2026-02-21T10:58:03","guid":{"rendered":"https:\/\/www.aepeb.be\/aepeb\/?page_id=2718"},"modified":"2026-02-21T10:58:03","modified_gmt":"2026-02-21T10:58:03","slug":"arlon-bis","status":"publish","type":"page","link":"https:\/\/www.aepeb.be\/aepeb\/arlon-bis\/","title":{"rendered":"Arlon bis"},"content":{"rendered":"<p style=\"text-align: center;\">L'\u00e9glise est situ\u00e9e :<\/p>\n<p style=\"text-align: center;\"><div id=\"metaslider-id-2297\" style=\"max-width: 600px;\" class=\"ml-slider-3-107-0 metaslider metaslider-nivo metaslider-2297 ml-slider ms-theme-default\" role=\"region\" aria-label=\"Arlon\" data-height=\"450\" data-width=\"600\">\n    <div id=\"metaslider_container_2297\">\n        <div class='slider-wrapper theme-default'><div class='ribbon'><\/div><div id='metaslider_2297' class='nivoSlider'><img loading=\"lazy\" decoding=\"async\" src=\"https:\/\/www.aepeb.be\/aepeb\/wp-content\/uploads\/2020\/10\/116477457_348514802975067_3830564356331844099_n-600x450.jpg\" height=\"450\" width=\"600\" title=\"116477457_348514802975067_3830564356331844099_n\" alt=\"\" class=\"slider-2297 slide-2302 msDefaultImage\" \/><img loading=\"lazy\" decoding=\"async\" src=\"https:\/\/www.aepeb.be\/aepeb\/wp-content\/uploads\/2020\/10\/Vue-aerienne-Temple-dArlon-600x450.jpg\" height=\"450\" width=\"600\" title=\"Vue a\u00e9rienne Temple d&#039;Arlon\" alt=\"\" class=\"slider-2297 slide-2298 msDefaultImage\" \/><img loading=\"lazy\" decoding=\"async\" src=\"https:\/\/www.aepeb.be\/aepeb\/wp-content\/uploads\/2020\/10\/septembre-2019-600x450.png\" height=\"450\" width=\"600\" title=\"septembre 2019\" alt=\"\" class=\"slider-2297 slide-2299 msDefaultImage\" \/><img loading=\"lazy\" decoding=\"async\" src=\"https:\/\/www.aepeb.be\/aepeb\/wp-content\/uploads\/2020\/10\/PDRM0216-600x450.jpg\" height=\"450\" width=\"600\" title=\"PDRM0216\" alt=\"\" class=\"slider-2297 slide-2300 msDefaultImage\" \/><img loading=\"lazy\" decoding=\"async\" src=\"https:\/\/www.aepeb.be\/aepeb\/wp-content\/uploads\/2020\/10\/P1010406-600x450.jpg\" height=\"450\" width=\"600\" title=\"P1010406\" alt=\"\" class=\"slider-2297 slide-2301 msDefaultImage\" \/><\/div><\/div>\n        \n    <\/div>\n<\/div><\/p>\n<p style=\"text-align: center;\"><span style=\"color: #800000;\"><strong>Rue du Temple, 1 - 6700 Arlon<\/strong><\/span><\/p>\n<p style=\"text-align: center;\">Le culte est c\u00e9l\u00e9br\u00e9 :<\/p>\n<p style=\"text-align: center;\" align=\"center\"><strong><span style=\"color: #800000;\">le dimanche \u00e0 10h30\u00a0<\/span><\/strong><\/p>\n<p style=\"text-align: center;\">Pour plus d'informations, contacter :<\/p>\n<p style=\"text-align: center;\"><strong><span style=\"color: #800000;\">Le Pasteur Andr\u00e9 Cools<\/span><\/strong><\/p>\n<p><img loading=\"lazy\" decoding=\"async\" class=\"aligncenter size-full wp-image-2312\" src=\"http:\/\/www.aepeb.be\/aepeb\/wp-content\/uploads\/2020\/10\/IMG_2082.jpg\" alt=\"\" width=\"1512\" height=\"2016\" srcset=\"https:\/\/www.aepeb.be\/aepeb\/wp-content\/uploads\/2020\/10\/IMG_2082.jpg 1512w, https:\/\/www.aepeb.be\/aepeb\/wp-content\/uploads\/2020\/10\/IMG_2082-225x300.jpg 225w, https:\/\/www.aepeb.be\/aepeb\/wp-content\/uploads\/2020\/10\/IMG_2082-768x1024.jpg 768w, https:\/\/www.aepeb.be\/aepeb\/wp-content\/uploads\/2020\/10\/IMG_2082-1152x1536.jpg 1152w\" sizes=\"auto, (max-width: 1512px) 100vw, 1512px\" \/><\/p>\n<p style=\"text-align: center;\">Pour le contacter, veuillez changer \"pr\u00e9nom\" et \"nom\"<br \/>\ndans le mail ci-apr\u00e8s\u00a0par le pr\u00e9nom et le nom indiqu\u00e9 ci-dessus*<\/p>\n<p style=\"text-align: center;\" align=\"center\"><a href=\"mailto:prenom.nom@aepeb.be\" target=\"_blank\" rel=\"noopener noreferrer\">prenom.nom@aepeb.be<\/a><\/p>\n<p style=\"text-align: center;\"><em>*Ceci pour lutter contre le spamming<\/em><\/p>\n<p style=\"text-align: center;\">Le site internet de l'\u00e9glise :<\/p>\n<p style=\"text-align: center;\"><a href=\"http:\/\/www.evangelique.net\" target=\"_blank\" rel=\"noopener noreferrer\">http:\/\/www.evangelique.net<\/a><\/p>\n<p><iframe loading=\"lazy\" style=\"border: 0;\" tabindex=\"0\" src=\"https:\/\/www.google.com\/maps\/embed?pb=!1m18!1m12!1m3!1d2580.9550824980897!2d5.812118615988112!3d49.69281867937806!2m3!1f0!2f0!3f0!3m2!1i1024!2i768!4f13.1!3m3!1m2!1s0x47eab01432264d15%3A0x3b49c5c4df8e5018!2sRue%20du%20Temple%201%2C%206700%20Arlon!5e0!3m2!1sfr!2sbe!4v1603732832680!5m2!1sfr!2sbe\" width=\"560\" height=\"450\" frameborder=\"0\" allowfullscreen=\"allowfullscreen\" aria-hidden=\"false\"><span data-mce-type=\"bookmark\" style=\"display: inline-block; width: 0px; overflow: hidden; line-height: 0;\" class=\"mce_SELRES_start\">\ufeff<\/span><\/iframe><\/p>\n","protected":false},"excerpt":{"rendered":"<p>L&rsquo;\u00e9glise est situ\u00e9e : Rue du Temple, 1 &#8211; 6700 Arlon Le culte est c\u00e9l\u00e9br\u00e9 : le dimanche \u00e0 10h30\u00a0 Pour plus d&rsquo;informations, contacter : Le Pasteur Andr\u00e9 Cools Pour le contacter, veuillez changer \u00ab\u00a0pr\u00e9nom\u00a0\u00bb et \u00ab\u00a0nom\u00a0\u00bb dans le mail ci-apr\u00e8s\u00a0par le pr\u00e9nom et le nom indiqu\u00e9 ci-dessus* prenom.nom@aepeb.be *Ceci pour lutter contre le spamming [&hellip;]<\/p>\n","protected":false},"author":1,"featured_media":0,"parent":0,"menu_order":0,"comment_status":"closed","ping_status":"closed","template":"","meta":{"ocean_post_layout":"","ocean_both_sidebars_style":"","ocean_both_sidebars_content_width":0,"ocean_both_sidebars_sidebars_width":0,"ocean_sidebar":"0","ocean_second_sidebar":"0","ocean_disable_margins":"enable","ocean_add_body_class":"","ocean_shortcode_before_top_bar":"","ocean_shortcode_after_top_bar":"","ocean_shortcode_before_header":"","ocean_shortcode_after_header":"","ocean_has_shortcode":"","ocean_shortcode_after_title":"","ocean_shortcode_before_footer_widgets":"","ocean_shortcode_after_footer_widgets":"","ocean_shortcode_before_footer_bottom":"","ocean_shortcode_after_footer_bottom":"","ocean_display_top_bar":"default","ocean_display_header":"default","ocean_header_style":"","ocean_center_header_left_menu":"0","ocean_custom_header_template":"0","ocean_custom_logo":0,"ocean_custom_retina_logo":0,"ocean_custom_logo_max_width":0,"ocean_custom_logo_tablet_max_width":0,"ocean_custom_logo_mobile_max_width":0,"ocean_custom_logo_max_height":0,"ocean_custom_logo_tablet_max_height":0,"ocean_custom_logo_mobile_max_height":0,"ocean_header_custom_menu":"0","ocean_menu_typo_font_family":"0","ocean_menu_typo_font_subset":"","ocean_menu_typo_font_size":0,"ocean_menu_typo_font_size_tablet":0,"ocean_menu_typo_font_size_mobile":0,"ocean_menu_typo_font_size_unit":"px","ocean_menu_typo_font_weight":"","ocean_menu_typo_font_weight_tablet":"","ocean_menu_typo_font_weight_mobile":"","ocean_menu_typo_transform":"","ocean_menu_typo_transform_tablet":"","ocean_menu_typo_transform_mobile":"","ocean_menu_typo_line_height":0,"ocean_menu_typo_line_height_tablet":0,"ocean_menu_typo_line_height_mobile":0,"ocean_menu_typo_line_height_unit":"","ocean_menu_typo_spacing":0,"ocean_menu_typo_spacing_tablet":0,"ocean_menu_typo_spacing_mobile":0,"ocean_menu_typo_spacing_unit":"","ocean_menu_link_color":"","ocean_menu_link_color_hover":"","ocean_menu_link_color_active":"","ocean_menu_link_background":"","ocean_menu_link_hover_background":"","ocean_menu_link_active_background":"","ocean_menu_social_links_bg":"","ocean_menu_social_hover_links_bg":"","ocean_menu_social_links_color":"","ocean_menu_social_hover_links_color":"","ocean_disable_title":"default","ocean_disable_heading":"default","ocean_post_title":"","ocean_post_subheading":"","ocean_post_title_style":"","ocean_post_title_background_color":"","ocean_post_title_background":0,"ocean_post_title_bg_image_position":"","ocean_post_title_bg_image_attachment":"","ocean_post_title_bg_image_repeat":"","ocean_post_title_bg_image_size":"","ocean_post_title_height":0,"ocean_post_title_bg_overlay":0.5,"ocean_post_title_bg_overlay_color":"","ocean_disable_breadcrumbs":"default","ocean_breadcrumbs_color":"","ocean_breadcrumbs_separator_color":"","ocean_breadcrumbs_links_color":"","ocean_breadcrumbs_links_hover_color":"","ocean_display_footer_widgets":"default","ocean_display_footer_bottom":"default","ocean_custom_footer_template":"0","osh_disable_topbar_sticky":"default","osh_disable_header_sticky":"default","osh_sticky_header_style":"default","osh_sticky_header_effect":"","osh_custom_sticky_logo":0,"osh_custom_retina_sticky_logo":0,"osh_custom_sticky_logo_height":0,"osh_background_color":"","osh_links_color":"","osh_links_hover_color":"","osh_links_active_color":"","osh_links_bg_color":"","osh_links_hover_bg_color":"","osh_links_active_bg_color":"","osh_menu_social_links_color":"","osh_menu_social_hover_links_color":"","footnotes":""},"class_list":["post-2718","page","type-page","status-publish","hentry","entry"],"_links":{"self":[{"href":"https:\/\/www.aepeb.be\/aepeb\/wp-json\/wp\/v2\/pages\/2718","targetHints":{"allow":["GET"]}}],"collection":[{"href":"https:\/\/www.aepeb.be\/aepeb\/wp-json\/wp\/v2\/pages"}],"about":[{"href":"https:\/\/www.aepeb.be\/aepeb\/wp-json\/wp\/v2\/types\/page"}],"author":[{"embeddable":true,"href":"https:\/\/www.aepeb.be\/aepeb\/wp-json\/wp\/v2\/users\/1"}],"replies":[{"embeddable":true,"href":"https:\/\/www.aepeb.be\/aepeb\/wp-json\/wp\/v2\/comments?post=2718"}],"version-history":[{"count":1,"href":"https:\/\/www.aepeb.be\/aepeb\/wp-json\/wp\/v2\/pages\/2718\/revisions"}],"predecessor-version":[{"id":2719,"href":"https:\/\/www.aepeb.be\/aepeb\/wp-json\/wp\/v2\/pages\/2718\/revisions\/2719"}],"wp:attachment":[{"href":"https:\/\/www.aepeb.be\/aepeb\/wp-json\/wp\/v2\/media?parent=2718"}],"curies":[{"name":"wp","href":"https:\/\/api.w.org\/{rel}","templated":true}]}}