{"id":550,"date":"2012-03-14T21:10:53","date_gmt":"2012-03-14T21:10:53","guid":{"rendered":"http:\/\/www.aepeb.be\/aepeb\/?page_id=550"},"modified":"2026-03-06T15:10:50","modified_gmt":"2026-03-06T15:10:50","slug":"qui-sommes-nous-2","status":"publish","type":"page","link":"https:\/\/www.aepeb.be\/aepeb\/","title":{"rendered":"Qui sommes-nous"},"content":{"rendered":"<div id=\"pl-550\"  class=\"panel-layout\" ><div id=\"pg-550-0\"  class=\"panel-grid panel-no-style\" ><div id=\"pgc-550-0-0\"  class=\"panel-grid-cell\" ><div id=\"panel-550-0-0-0\" class=\"so-panel widget widget_sow-editor panel-first-child panel-last-child\" data-index=\"0\" ><div\n\t\t\t\n\t\t\tclass=\"so-widget-sow-editor so-widget-sow-editor-base\"\n\t\t\t\n\t\t>\n<div class=\"siteorigin-widget-tinymce textwidget\">\n\t<p><img loading=\"lazy\" decoding=\"async\" class=\"alignright wp-image-2820\" title=\"Ralph et Edith Norton en 1930\" src=\"https:\/\/www.aepeb.be\/aepeb\/wp-content\/uploads\/2026\/03\/Ralph__Edityh_Norton.jpg\" alt=\"Ralph et Edith Norton en 1930\" width=\"500\" height=\"333\" srcset=\"https:\/\/www.aepeb.be\/aepeb\/wp-content\/uploads\/2026\/03\/Ralph__Edityh_Norton.jpg 1200w, https:\/\/www.aepeb.be\/aepeb\/wp-content\/uploads\/2026\/03\/Ralph__Edityh_Norton-768x512.jpg 768w, https:\/\/www.aepeb.be\/aepeb\/wp-content\/uploads\/2026\/03\/Ralph__Edityh_Norton-272x182.jpg 272w, https:\/\/www.aepeb.be\/aepeb\/wp-content\/uploads\/2026\/03\/Ralph__Edityh_Norton-360x240.jpg 360w, https:\/\/www.aepeb.be\/aepeb\/wp-content\/uploads\/2026\/03\/Ralph__Edityh_Norton-720x480.jpg 720w, https:\/\/www.aepeb.be\/aepeb\/wp-content\/uploads\/2026\/03\/Ralph__Edityh_Norton-950x630.jpg 950w\" sizes=\"auto, (max-width: 500px) 100vw, 500px\" \/>Au cours de la premi\u00e8re guerre mondiale un couple de missionnaires am\u00e9ricains se rend en Angleterre pour y soigner les bless\u00e9s. Ils y rencontrent des soldats belges et s\u2019aper\u00e7oivent que peu d\u2019entre eux sont chr\u00e9tiens. Ils comprennent alors que la Belgique est un pays \u00e0 \u00e9vang\u00e9liser, ou, plus exactement, \u00e0 r\u00e9-\u00e9vang\u00e9liser.<\/p>\n<p>R\u00e9pondant \u00e0 ce qu\u2019ils per\u00e7oivent comme un appel venant de Dieu, Ralph et Edith Norton d\u00e9barquent en Belgique d\u00e8s la fin de la guerre pour y pr\u00eacher l\u2019Evangile et implanter des \u00e9glises \u00e9vang\u00e9liques. C\u2019est ainsi que commence l\u2019\u0153uvre de la Mission Evang\u00e9lique Belge (<a href=\"http:\/\/vianova.be\/?lang=fr\" target=\"_blank\" rel=\"noopener\">Vianova<\/a>). D\u00e8s les ann\u00e9es 1920, des \u00e9glises sont implant\u00e9es \u00e0 travers tout le pays.<\/p>\n<p>1962 voit la cr\u00e9ation d\u2019une association d\u2019\u00e9glises devenue par la suite l\u2019Association des Eglises Protestantes Evang\u00e9liques de Belgique. Tout en d\u00e9veloppant les liens entre les \u00e9glises \u00e9tablies (voir ci-dessous), l'APEB vise \u00e9galement \u00e0 \u00e9tablir de nouvelles \u00e9glises.<\/p>\n<\/div>\n<\/div><\/div><\/div><\/div><div id=\"pg-550-1\"  class=\"panel-grid panel-no-style\" ><div id=\"pgc-550-1-0\"  class=\"panel-grid-cell\" ><div id=\"panel-550-1-0-0\" class=\"so-panel widget widget_sow-editor panel-first-child\" data-index=\"1\" ><div\n\t\t\t\n\t\t\tclass=\"so-widget-sow-editor so-widget-sow-editor-base\"\n\t\t\t\n\t\t>\n<div class=\"siteorigin-widget-tinymce textwidget\">\n\t<h2 style=\"text-align: left;\" align=\"center\"><strong>Des \u00e9glises protestantes \u00e9vang\u00e9liques<\/strong><\/h2>\n<p>Les \u00e9glises protestantes \u00e9vang\u00e9liques font partie de la famille protestante, issue de la R\u00e9forme au XVI<sup>e<\/sup> si\u00e8cle.<\/p>\n<p>Pour en savoir plus sur les Protestants Evang\u00e9liques, veuillez consulter le document \u201c<a href=\"http:\/\/www.aepeb.be\/aepeb\/wp-content\/uploads\/2012\/03\/Les_evangeliques_be.pdf\" target=\"_blank\" rel=\"noopener\">Les Evang\u00e9liques<\/a>\u201d.<\/p>\n<\/div>\n<\/div><\/div><div id=\"panel-550-1-0-1\" class=\"so-panel widget widget_sow-editor panel-last-child\" data-index=\"2\" ><div\n\t\t\t\n\t\t\tclass=\"so-widget-sow-editor so-widget-sow-editor-base\"\n\t\t\t\n\t\t>\n<div class=\"siteorigin-widget-tinymce textwidget\">\n\t<h2 style=\"text-align: left;\" align=\"center\"><strong>Structure et mode de fonctionnement<\/strong><\/h2>\n<p>Notre association est g\u00e9r\u00e9e par la Commission Permanente.<\/p>\n<p>Celle-ci est l\u2019organe repr\u00e9sentatif, administratif et consultatif qui coordonne les\u00a0 activit\u00e9s de l\u2019association et qui prodigue des conseils aux \u00e9glises locales et aux comit\u00e9s qui en d\u00e9pendent.<\/p>\n<p>Notre association laisse toute libert\u00e9 \u00e0 l\u2019\u00e9glise locale en mati\u00e8re de gestion. Elle n\u2019intervient ni dans le choix de direction de l\u2019\u00e9glise, ni dans le choix de ses anciens.<\/p>\n<p>Toutefois, la vie associative requ\u00e9rant un minimum de points communs, nous veillons \u00e0 ce que les \u00e9glises vivent en conformit\u00e9 avec les statuts de l\u2019association.<\/p>\n<p>La Commission permanente repr\u00e9sente l\u2019autorit\u00e9 qui conf\u00e8re le titre de Pasteur au sein de notre Association. Elle est \u00e9galement l\u2019interlocuteur du Synode pour ce qui concerne les dossiers de reconnaissance par les autorit\u00e9s civiles.<\/p>\n<\/div>\n<\/div><\/div><\/div><div id=\"pgc-550-1-1\"  class=\"panel-grid-cell\" ><div id=\"panel-550-1-1-0\" class=\"so-panel widget widget_sow-editor panel-first-child panel-last-child\" data-index=\"3\" ><div\n\t\t\t\n\t\t\tclass=\"so-widget-sow-editor so-widget-sow-editor-base\"\n\t\t\t\n\t\t>\n<div class=\"siteorigin-widget-tinymce textwidget\">\n\t<h2 style=\"text-align: left;\" align=\"center\"><strong>Ensemble on est plus fort<\/strong><\/h2>\n<p>Nos \u00e9glises sont regroup\u00e9es en plusieurs colloques g\u00e9ographiques qui leur permettent une meilleure collaboration sur la base de leur proximit\u00e9 g\u00e9ographique.<\/p>\n<p>Nous organisons des formations, des ateliers et diverses activit\u00e9s qui permettent aux \u00e9glises d\u2019\u00e9changer leurs exp\u00e9riences et d\u2019\u00e9tablir des collaborations mutuellement fructueuses et qui conduisent aussi \u00e0 des \u00e9changes de chaire.<\/p>\n<p>La Convention annuelle qui a lieu, en g\u00e9n\u00e9ral, tous les 11 novembre, constitue l\u2019occasion d\u2019un grand rassemblement de nos \u00e9glises. Elle est un moment privil\u00e9gi\u00e9 d\u2019approfondissement de nos relations fraternelles et de la connaissance de la Parole de Dieu \u00e0 travers l\u2019\u00e9tude d\u2019un th\u00e8me donn\u00e9. Nous rassemblons chaque ann\u00e9e plus de 1200 personnes pour ce moment fort.<br \/>\nLe site internet : <a href=\"http:\/\/www.convention.be\" target=\"_blank\" rel=\"noopener\">www.convention.be<\/a><\/p>\n<p>Les groupes de jeunes de nos \u00e9glises ont comme lien l\u2019UJEB (Union de la Jeunesse Evang\u00e9lique Belge) qui g\u00e8re et organise des activit\u00e9s pour enfants et jeunes dans le Camp de Limauges \u00e0 C\u00e9roux-Mousty.<br \/>\nLe site internet : <a href=\"http:\/\/www.ujeb.be\/\" target=\"_blank\" rel=\"noopener\">www.ujeb.be<\/a><\/p>\n<p>Chr\u00e9tiennes Consacr\u00e9es est notre conf\u00e9rence annuelle \u00a0organis\u00e9e par des femmes pour des femmes. Cet \u00e9v\u00e9nement vise \u00e0 \u00e9difier par l\u2019\u00e9coute de la Parole bien enseign\u00e9e et les discussions autour de th\u00e8mes pertinents et \u00e0 encourager les femmes de tous \u00e2ges et origines \u00e0 \u00eatre 100% consacr\u00e9es \u00e0 Christ.<br \/>\nLe site internet :\u00a0 <a href=\"http:\/\/www.chretiennes-consacrees.be\/\" target=\"_blank\" rel=\"noopener\">www.chretiennes-<wbr \/>consacrees.be\/<\/a><\/p>\n<\/div>\n<\/div><\/div><\/div><\/div><div id=\"pg-550-2\"  class=\"panel-grid panel-no-style\" ><div id=\"pgc-550-2-0\"  class=\"panel-grid-cell\" ><div id=\"panel-550-2-0-0\" class=\"so-panel widget widget_sow-editor panel-first-child panel-last-child\" data-index=\"4\" ><div\n\t\t\t\n\t\t\tclass=\"so-widget-sow-editor so-widget-sow-editor-base\"\n\t\t\t\n\t\t>\n<div class=\"siteorigin-widget-tinymce textwidget\">\n\t<h2 style=\"text-align: left;\" align=\"center\"><strong>Notre mission<\/strong><\/h2>\n<p>La mission de notre Association est, avant tout\u00a0:<\/p>\n<ul>\n<li>de promouvoir et soutenir la diffusion de l\u2019Evangile par ses \u00e9glises membres, et de veiller \u00e0 l\u2019enracinement dans la Parole de Dieu en leur sein.<\/li>\n<li>L\u2019Association engage ses \u00e9glises \u00e0 pratiquer une relation fraternelle entre elles, sous l\u2019autorit\u00e9 de la Parole de Dieu, et conform\u00e9ment \u00e0 sa profession de foi.<\/li>\n<li>Elle mobilise ses membres pour partager leurs exp\u00e9riences et leurs activit\u00e9s, concr\u00e9tisant ainsi un esprit de coop\u00e9ration au sein de toute l\u2019association, et par extension, avec nos fr\u00e8res flamands de la <a href=\"http:\/\/www.veg.be\/\" target=\"_blank\" rel=\"noopener\">VEG<\/a>.<\/li>\n<\/ul>\n<h2 style=\"text-align: left;\" align=\"center\"><strong>Des \u00e9glises reconnues<\/strong><\/h2>\n<p>Notre Association d\u2019\u00e9glises fait partie du <a href=\"https:\/\/synfed.be\/\" target=\"_blank\" rel=\"noopener\">Synode F\u00e9d\u00e9ral<\/a> des Eglises Protestantes et Evang\u00e9liques de Belgique, qui constitue l\u2019une des deux branches du protestantisme belge reconnues par l\u2019Etat, impliquant de ce fait une reconnaissance officielle de nos \u00e9glises. Par ailleurs, certaines d\u2019entre elles b\u00e9n\u00e9ficient de subsides de l\u2019Etat pour la r\u00e9mun\u00e9ration de leur pasteur.<\/p>\n<h2 style=\"text-align: left;\" align=\"center\"><strong>Des \u00e9glises protestantes \u00e9vang\u00e9liques<\/strong><\/h2>\n<p>Les \u00e9glises protestantes \u00e9vang\u00e9liques font partie de la famille protestante, issue de la R\u00e9forme au XVI<sup>e<\/sup> si\u00e8cle.<\/p>\n<p>Pour en savoir plus sur les Protestants Evang\u00e9liques, veuillez consulter le document \u201c<a href=\"http:\/\/www.aepeb.be\/aepeb\/wp-content\/uploads\/2012\/03\/Les_evangeliques_be.pdf\" target=\"_blank\" rel=\"noopener\">Les Evang\u00e9liques<\/a>\u201d.<\/p>\n<\/div>\n<\/div><\/div><\/div><div id=\"pgc-550-2-1\"  class=\"panel-grid-cell\" ><div id=\"panel-550-2-1-0\" class=\"so-panel widget widget_sow-editor panel-first-child panel-last-child\" data-index=\"5\" ><div\n\t\t\t\n\t\t\tclass=\"so-widget-sow-editor so-widget-sow-editor-base\"\n\t\t\t\n\t\t>\n<div class=\"siteorigin-widget-tinymce textwidget\">\n\t<h2 style=\"text-align: left;\" align=\"center\"><strong>Structure et mode de fonctionnement<\/strong><\/h2>\n<p>Notre association est g\u00e9r\u00e9e par la Commission Permanente.<\/p>\n<p>Celle-ci est l\u2019organe repr\u00e9sentatif, administratif et consultatif qui coordonne les\u00a0 activit\u00e9s de l\u2019association et qui prodigue des conseils aux \u00e9glises locales et aux comit\u00e9s qui en d\u00e9pendent.<\/p>\n<p>Notre association laisse toute libert\u00e9 \u00e0 l\u2019\u00e9glise locale en mati\u00e8re de gestion. Elle n\u2019intervient ni dans le choix de direction de l\u2019\u00e9glise, ni dans le choix de ses anciens.<\/p>\n<p>Toutefois, la vie associative requ\u00e9rant un minimum de points communs, nous veillons \u00e0 ce que les \u00e9glises vivent en conformit\u00e9 avec les statuts de l\u2019association.<\/p>\n<p>La Commission permanente repr\u00e9sente l\u2019autorit\u00e9 qui conf\u00e8re le titre de Pasteur au sein de notre Association. Elle est \u00e9galement l\u2019interlocuteur du Synode pour ce qui concerne les dossiers de reconnaissance par les autorit\u00e9s civiles.<\/p>\n<h2 style=\"text-align: left;\" align=\"center\"><strong>Voulez-vous en savoir plus sur ce qu\u2019est le Christianisme ?<\/strong><\/h2>\n<p>Le message au c\u0153ur du Christianisme est simple, si simple<br \/>\nqu\u2019il tient en quelques pages. C\u2019est un message tir\u00e9 de la Bible,<br \/>\nconcernant Dieu et son Fils, J\u00e9sus. Il y est question<br \/>\nde vie et de mort, ainsi que du choix qui s\u2019offre \u00e0 tous.<\/p>\n<p>Tout commence avec un Dieu d\u2019amour, Cr\u00e9ateur de toutes choses.<\/p>\n<\/div>\n<\/div><\/div><\/div><\/div><\/div>","protected":false},"excerpt":{"rendered":"<p>Au cours de la premi\u00e8re guerre mondiale un couple de missionnaires am\u00e9ricains se rend en Angleterre pour y soigner les bless\u00e9s. Ils y rencontrent des soldats belges et s\u2019aper\u00e7oivent que peu d\u2019entre eux sont chr\u00e9tiens. Ils comprennent alors que la Belgique est un pays \u00e0 \u00e9vang\u00e9liser, ou, plus exactement, \u00e0 r\u00e9-\u00e9vang\u00e9liser. R\u00e9pondant \u00e0 ce qu\u2019ils [&hellip;]<\/p>\n","protected":false},"author":1,"featured_media":0,"parent":0,"menu_order":0,"comment_status":"closed","ping_status":"closed","template":"","meta":{"ocean_post_layout":"","ocean_both_sidebars_style":"","ocean_both_sidebars_content_width":0,"ocean_both_sidebars_sidebars_width":0,"ocean_sidebar":"0","ocean_second_sidebar":"0","ocean_disable_margins":"enable","ocean_add_body_class":"","ocean_shortcode_before_top_bar":"","ocean_shortcode_after_top_bar":"","ocean_shortcode_before_header":"","ocean_shortcode_after_header":"","ocean_has_shortcode":"","ocean_shortcode_after_title":"","ocean_shortcode_before_footer_widgets":"","ocean_shortcode_after_footer_widgets":"","ocean_shortcode_before_footer_bottom":"","ocean_shortcode_after_footer_bottom":"","ocean_display_top_bar":"default","ocean_display_header":"default","ocean_header_style":"","ocean_center_header_left_menu":"0","ocean_custom_header_template":"0","ocean_custom_logo":0,"ocean_custom_retina_logo":0,"ocean_custom_logo_max_width":0,"ocean_custom_logo_tablet_max_width":0,"ocean_custom_logo_mobile_max_width":0,"ocean_custom_logo_max_height":0,"ocean_custom_logo_tablet_max_height":0,"ocean_custom_logo_mobile_max_height":0,"ocean_header_custom_menu":"0","ocean_menu_typo_font_family":"0","ocean_menu_typo_font_subset":"","ocean_menu_typo_font_size":0,"ocean_menu_typo_font_size_tablet":0,"ocean_menu_typo_font_size_mobile":0,"ocean_menu_typo_font_size_unit":"px","ocean_menu_typo_font_weight":"","ocean_menu_typo_font_weight_tablet":"","ocean_menu_typo_font_weight_mobile":"","ocean_menu_typo_transform":"","ocean_menu_typo_transform_tablet":"","ocean_menu_typo_transform_mobile":"","ocean_menu_typo_line_height":0,"ocean_menu_typo_line_height_tablet":0,"ocean_menu_typo_line_height_mobile":0,"ocean_menu_typo_line_height_unit":"","ocean_menu_typo_spacing":0,"ocean_menu_typo_spacing_tablet":0,"ocean_menu_typo_spacing_mobile":0,"ocean_menu_typo_spacing_unit":"","ocean_menu_link_color":"","ocean_menu_link_color_hover":"","ocean_menu_link_color_active":"","ocean_menu_link_background":"","ocean_menu_link_hover_background":"","ocean_menu_link_active_background":"","ocean_menu_social_links_bg":"","ocean_menu_social_hover_links_bg":"","ocean_menu_social_links_color":"","ocean_menu_social_hover_links_color":"","ocean_disable_title":"default","ocean_disable_heading":"default","ocean_post_title":"","ocean_post_subheading":"","ocean_post_title_style":"","ocean_post_title_background_color":"","ocean_post_title_background":0,"ocean_post_title_bg_image_position":"","ocean_post_title_bg_image_attachment":"","ocean_post_title_bg_image_repeat":"","ocean_post_title_bg_image_size":"","ocean_post_title_height":0,"ocean_post_title_bg_overlay":0.5,"ocean_post_title_bg_overlay_color":"","ocean_disable_breadcrumbs":"default","ocean_breadcrumbs_color":"#ffffff","ocean_breadcrumbs_separator_color":"","ocean_breadcrumbs_links_color":"","ocean_breadcrumbs_links_hover_color":"","ocean_display_footer_widgets":"default","ocean_display_footer_bottom":"default","ocean_custom_footer_template":"0","osh_disable_topbar_sticky":"default","osh_disable_header_sticky":"default","osh_sticky_header_style":"default","osh_sticky_header_effect":"","osh_custom_sticky_logo":0,"osh_custom_retina_sticky_logo":0,"osh_custom_sticky_logo_height":0,"osh_background_color":"","osh_links_color":"","osh_links_hover_color":"","osh_links_active_color":"","osh_links_bg_color":"","osh_links_hover_bg_color":"","osh_links_active_bg_color":"","osh_menu_social_links_color":"","osh_menu_social_hover_links_color":"","footnotes":""},"class_list":["post-550","page","type-page","status-publish","hentry","entry"],"_links":{"self":[{"href":"https:\/\/www.aepeb.be\/aepeb\/wp-json\/wp\/v2\/pages\/550","targetHints":{"allow":["GET"]}}],"collection":[{"href":"https:\/\/www.aepeb.be\/aepeb\/wp-json\/wp\/v2\/pages"}],"about":[{"href":"https:\/\/www.aepeb.be\/aepeb\/wp-json\/wp\/v2\/types\/page"}],"author":[{"embeddable":true,"href":"https:\/\/www.aepeb.be\/aepeb\/wp-json\/wp\/v2\/users\/1"}],"replies":[{"embeddable":true,"href":"https:\/\/www.aepeb.be\/aepeb\/wp-json\/wp\/v2\/comments?post=550"}],"version-history":[{"count":8,"href":"https:\/\/www.aepeb.be\/aepeb\/wp-json\/wp\/v2\/pages\/550\/revisions"}],"predecessor-version":[{"id":2822,"href":"https:\/\/www.aepeb.be\/aepeb\/wp-json\/wp\/v2\/pages\/550\/revisions\/2822"}],"wp:attachment":[{"href":"https:\/\/www.aepeb.be\/aepeb\/wp-json\/wp\/v2\/media?parent=550"}],"curies":[{"name":"wp","href":"https:\/\/api.w.org\/{rel}","templated":true}]}}