{"id":722,"date":"2012-03-24T22:42:19","date_gmt":"2012-03-24T22:42:19","guid":{"rendered":"http:\/\/www.aepeb.be\/aepeb\/?page_id=722"},"modified":"2026-03-14T09:55:08","modified_gmt":"2026-03-14T09:55:08","slug":"membres-de-la-cp","status":"publish","type":"page","link":"https:\/\/www.aepeb.be\/aepeb\/membres-de-la-cp\/","title":{"rendered":"Membres de la CP"},"content":{"rendered":"<div id=\"pl-722\"  class=\"panel-layout\" ><div id=\"pg-722-0\"  class=\"panel-grid panel-no-style\" ><div id=\"pgc-722-0-0\"  class=\"panel-grid-cell\" ><div id=\"panel-722-0-0-0\" class=\"so-panel widget widget_sow-editor panel-first-child panel-last-child\" data-index=\"0\" ><div\n\t\t\t\n\t\t\tclass=\"so-widget-sow-editor so-widget-sow-editor-base\"\n\t\t\t\n\t\t>\n<div class=\"siteorigin-widget-tinymce textwidget\">\n\t<p><img loading=\"lazy\" decoding=\"async\" class=\"wp-image-2364 alignleft\" src=\"http:\/\/www.aepeb.be\/aepeb\/wp-content\/uploads\/2021\/03\/Paul-Every.jpg-scaled.jpg\" alt=\"\" width=\"200\" height=\"206\" srcset=\"https:\/\/www.aepeb.be\/aepeb\/wp-content\/uploads\/2021\/03\/Paul-Every.jpg-scaled.jpg 2489w, https:\/\/www.aepeb.be\/aepeb\/wp-content\/uploads\/2021\/03\/Paul-Every.jpg-292x300.jpg 292w, https:\/\/www.aepeb.be\/aepeb\/wp-content\/uploads\/2021\/03\/Paul-Every.jpg-996x1024.jpg 996w, https:\/\/www.aepeb.be\/aepeb\/wp-content\/uploads\/2021\/03\/Paul-Every.jpg-768x790.jpg 768w, https:\/\/www.aepeb.be\/aepeb\/wp-content\/uploads\/2021\/03\/Paul-Every.jpg-1493x1536.jpg 1493w, https:\/\/www.aepeb.be\/aepeb\/wp-content\/uploads\/2021\/03\/Paul-Every.jpg-1991x2048.jpg 1991w\" sizes=\"auto, (max-width: 200px) 100vw, 200px\" \/><\/p>\n<h1>Paul Every<\/h1>\n<p>Paul Every est pasteur de l'\u00e9glise de Bruxelles-centre<em> (Rue du Moniteur)<\/em> depuis 2008.<\/p>\n<p>Il a fait sa formation th\u00e9ologique \u00e0 l'IBB et \u00e0 la facult\u00e9 de th\u00e9ologie \u00e9vang\u00e9lique d'Oak Hill, \u00e0 Londres.<\/p>\n<p>Mari\u00e9 avec El\u00e9onore, ils ont trois enfants.<\/p>\n<p>Il aime parler du message de la Bible avec tout le monde, y compris les personnes qui ne partagent pas sa foi.<\/p>\n<p>Paul est enthousiaste pour la formation au minist\u00e8re, dans laquelle il s'implique en donnant des cours de th\u00e9ologie pratique \u00e0 l'Institut Biblique de Bruxelles.<\/p>\n<p>Il a rejoint la CP en 2021.<\/p>\n<\/div>\n<\/div><\/div><\/div><div id=\"pgc-722-0-1\"  class=\"panel-grid-cell\" ><div id=\"panel-722-0-1-0\" class=\"so-panel widget widget_sow-editor panel-first-child panel-last-child\" data-index=\"1\" ><div\n\t\t\t\n\t\t\tclass=\"so-widget-sow-editor so-widget-sow-editor-base\"\n\t\t\t\n\t\t>\n<div class=\"siteorigin-widget-tinymce textwidget\">\n\t<h1><img loading=\"lazy\" decoding=\"async\" class=\"wp-image-2196 alignright\" src=\"http:\/\/www.aepeb.be\/aepeb\/wp-content\/uploads\/2019\/11\/Gaston-Bula.jpg\" alt=\"\" width=\"152\" height=\"203\" srcset=\"https:\/\/www.aepeb.be\/aepeb\/wp-content\/uploads\/2019\/11\/Gaston-Bula.jpg 960w, https:\/\/www.aepeb.be\/aepeb\/wp-content\/uploads\/2019\/11\/Gaston-Bula-225x300.jpg 225w, https:\/\/www.aepeb.be\/aepeb\/wp-content\/uploads\/2019\/11\/Gaston-Bula-768x1024.jpg 768w\" sizes=\"auto, (max-width: 152px) 100vw, 152px\" \/>Gaston Bula<\/h1>\n<p>Gaston Bula est pasteur en charge de l\u2019\u00e9glise protestante \u00e9vang\u00e9lique d\u2019Ottignies, coordonnateur de la jeunesse de l\u2019AEPEB et membre de la Commission Permanente.<\/p>\n<p>Il assume \u00e9galement la fonction du pr\u00e9sident de l\u2019UJEB.<\/p>\n<p>Il est mari\u00e9 et p\u00e8re de 6 enfants.<\/p>\n<p>&nbsp;<\/p>\n<\/div>\n<\/div><\/div><\/div><\/div><div id=\"pg-722-1\"  class=\"panel-grid panel-no-style\" ><div id=\"pgc-722-1-0\"  class=\"panel-grid-cell\" ><div id=\"panel-722-1-0-0\" class=\"so-panel widget widget_sow-editor panel-first-child panel-last-child\" data-index=\"2\" ><div\n\t\t\t\n\t\t\tclass=\"so-widget-sow-editor so-widget-sow-editor-base\"\n\t\t\t\n\t\t>\n<div class=\"siteorigin-widget-tinymce textwidget\">\n\t<h1><img loading=\"lazy\" decoding=\"async\" class=\"wp-image-2844 alignleft\" src=\"https:\/\/www.aepeb.be\/aepeb\/wp-content\/uploads\/2026\/03\/David_Doyen_01-e1773481295945.jpeg\" alt=\"\" width=\"171\" height=\"250\" srcset=\"https:\/\/www.aepeb.be\/aepeb\/wp-content\/uploads\/2026\/03\/David_Doyen_01-e1773481295945.jpeg 787w, https:\/\/www.aepeb.be\/aepeb\/wp-content\/uploads\/2026\/03\/David_Doyen_01-e1773481295945-768x1122.jpeg 768w\" sizes=\"auto, (max-width: 171px) 100vw, 171px\" \/>David Doyen<\/h1>\n<p>David Doyen \u00e0 donn\u00e9 sa vie au Seigneur \u00e0 16 ans. Tr\u00e8s vite il a ressenti l\u2019appel et le d\u00e9sir de servir Dieu.<\/p>\n<p>Il est mari\u00e9 \u00e0 Maryline et ont 4 enfants.<\/p>\n<p>Il a servit dans plusieurs communaut\u00e9s et est actuellement pasteur \u00e0 l'\u00e9glise de Sambreville (Auvelais).<\/p>\n<p>Il est \u00e9galement impliqu\u00e9 \u00e0 l'institut biblique de Bruxelles.<\/p>\n<p>&nbsp;<\/p>\n<p>&nbsp;<\/p>\n<\/div>\n<\/div><\/div><\/div><div id=\"pgc-722-1-1\"  class=\"panel-grid-cell\" ><div id=\"panel-722-1-1-0\" class=\"so-panel widget widget_sow-editor panel-first-child panel-last-child\" data-index=\"3\" ><div\n\t\t\t\n\t\t\tclass=\"so-widget-sow-editor so-widget-sow-editor-base\"\n\t\t\t\n\t\t>\n<div class=\"siteorigin-widget-tinymce textwidget\">\n\t<h1><img loading=\"lazy\" decoding=\"async\" class=\"wp-image-1641 alignright\" style=\"margin: 0px 10px 0px 0px;\" title=\"furfari-200901\" src=\"https:\/\/www.aepeb.be\/aepeb\/wp-content\/uploads\/2012\/02\/Steve_Orange-e1773481099738.jpg\" alt=\"\" width=\"210\" height=\"250\" \/><\/h1>\n<h1>Steve Orange<\/h1>\n<div dir=\"ltr\">\n<p dir=\"ltr\">Steve est pasteur de l'\u00e9glise de Bruxelles-Woluwe<\/p>\n<\/div>\n<\/div>\n<\/div><\/div><\/div><\/div><\/div>","protected":false},"excerpt":{"rendered":"<p>Paul Every Paul Every est pasteur de l&rsquo;\u00e9glise de Bruxelles-centre (Rue du Moniteur) depuis 2008. Il a fait sa formation th\u00e9ologique \u00e0 l&rsquo;IBB et \u00e0 la facult\u00e9 de th\u00e9ologie \u00e9vang\u00e9lique d&rsquo;Oak Hill, \u00e0 Londres. Mari\u00e9 avec El\u00e9onore, ils ont trois enfants. Il aime parler du message de la Bible avec tout le monde, y compris [&hellip;]<\/p>\n","protected":false},"author":1,"featured_media":0,"parent":0,"menu_order":0,"comment_status":"closed","ping_status":"closed","template":"","meta":{"ocean_post_layout":"","ocean_both_sidebars_style":"","ocean_both_sidebars_content_width":0,"ocean_both_sidebars_sidebars_width":0,"ocean_sidebar":"0","ocean_second_sidebar":"0","ocean_disable_margins":"enable","ocean_add_body_class":"","ocean_shortcode_before_top_bar":"","ocean_shortcode_after_top_bar":"","ocean_shortcode_before_header":"","ocean_shortcode_after_header":"","ocean_has_shortcode":"","ocean_shortcode_after_title":"","ocean_shortcode_before_footer_widgets":"","ocean_shortcode_after_footer_widgets":"","ocean_shortcode_before_footer_bottom":"","ocean_shortcode_after_footer_bottom":"","ocean_display_top_bar":"default","ocean_display_header":"default","ocean_header_style":"","ocean_center_header_left_menu":"0","ocean_custom_header_template":"0","ocean_custom_logo":0,"ocean_custom_retina_logo":0,"ocean_custom_logo_max_width":0,"ocean_custom_logo_tablet_max_width":0,"ocean_custom_logo_mobile_max_width":0,"ocean_custom_logo_max_height":0,"ocean_custom_logo_tablet_max_height":0,"ocean_custom_logo_mobile_max_height":0,"ocean_header_custom_menu":"0","ocean_menu_typo_font_family":"0","ocean_menu_typo_font_subset":"","ocean_menu_typo_font_size":0,"ocean_menu_typo_font_size_tablet":0,"ocean_menu_typo_font_size_mobile":0,"ocean_menu_typo_font_size_unit":"px","ocean_menu_typo_font_weight":"","ocean_menu_typo_font_weight_tablet":"","ocean_menu_typo_font_weight_mobile":"","ocean_menu_typo_transform":"","ocean_menu_typo_transform_tablet":"","ocean_menu_typo_transform_mobile":"","ocean_menu_typo_line_height":0,"ocean_menu_typo_line_height_tablet":0,"ocean_menu_typo_line_height_mobile":0,"ocean_menu_typo_line_height_unit":"","ocean_menu_typo_spacing":0,"ocean_menu_typo_spacing_tablet":0,"ocean_menu_typo_spacing_mobile":0,"ocean_menu_typo_spacing_unit":"","ocean_menu_link_color":"","ocean_menu_link_color_hover":"","ocean_menu_link_color_active":"","ocean_menu_link_background":"","ocean_menu_link_hover_background":"","ocean_menu_link_active_background":"","ocean_menu_social_links_bg":"","ocean_menu_social_hover_links_bg":"","ocean_menu_social_links_color":"","ocean_menu_social_hover_links_color":"","ocean_disable_title":"default","ocean_disable_heading":"default","ocean_post_title":"","ocean_post_subheading":"","ocean_post_title_style":"","ocean_post_title_background_color":"","ocean_post_title_background":0,"ocean_post_title_bg_image_position":"","ocean_post_title_bg_image_attachment":"","ocean_post_title_bg_image_repeat":"","ocean_post_title_bg_image_size":"","ocean_post_title_height":0,"ocean_post_title_bg_overlay":0.5,"ocean_post_title_bg_overlay_color":"","ocean_disable_breadcrumbs":"default","ocean_breadcrumbs_color":"#ffffff","ocean_breadcrumbs_separator_color":"#ffffff","ocean_breadcrumbs_links_color":"#ffffff","ocean_breadcrumbs_links_hover_color":"#03a9f4","ocean_display_footer_widgets":"default","ocean_display_footer_bottom":"default","ocean_custom_footer_template":"0","osh_disable_topbar_sticky":"default","osh_disable_header_sticky":"default","osh_sticky_header_style":"default","osh_sticky_header_effect":"","osh_custom_sticky_logo":0,"osh_custom_retina_sticky_logo":0,"osh_custom_sticky_logo_height":0,"osh_background_color":"","osh_links_color":"","osh_links_hover_color":"","osh_links_active_color":"","osh_links_bg_color":"","osh_links_hover_bg_color":"","osh_links_active_bg_color":"","osh_menu_social_links_color":"","osh_menu_social_hover_links_color":"","footnotes":""},"class_list":["post-722","page","type-page","status-publish","hentry","entry"],"_links":{"self":[{"href":"https:\/\/www.aepeb.be\/aepeb\/wp-json\/wp\/v2\/pages\/722","targetHints":{"allow":["GET"]}}],"collection":[{"href":"https:\/\/www.aepeb.be\/aepeb\/wp-json\/wp\/v2\/pages"}],"about":[{"href":"https:\/\/www.aepeb.be\/aepeb\/wp-json\/wp\/v2\/types\/page"}],"author":[{"embeddable":true,"href":"https:\/\/www.aepeb.be\/aepeb\/wp-json\/wp\/v2\/users\/1"}],"replies":[{"embeddable":true,"href":"https:\/\/www.aepeb.be\/aepeb\/wp-json\/wp\/v2\/comments?post=722"}],"version-history":[{"count":11,"href":"https:\/\/www.aepeb.be\/aepeb\/wp-json\/wp\/v2\/pages\/722\/revisions"}],"predecessor-version":[{"id":2855,"href":"https:\/\/www.aepeb.be\/aepeb\/wp-json\/wp\/v2\/pages\/722\/revisions\/2855"}],"wp:attachment":[{"href":"https:\/\/www.aepeb.be\/aepeb\/wp-json\/wp\/v2\/media?parent=722"}],"curies":[{"name":"wp","href":"https:\/\/api.w.org\/{rel}","templated":true}]}}